{"id":8405,"date":"2026-04-13T22:28:01","date_gmt":"2026-04-13T20:28:01","guid":{"rendered":"https:\/\/kyrkekvarn.com\/english\/?page_id=8405"},"modified":"2026-04-14T14:40:03","modified_gmt":"2026-04-14T12:40:03","slug":"allemansratten","status":"publish","type":"page","link":"https:\/\/kyrkekvarn.com\/english\/allemansratten\/","title":{"rendered":"Allemansr\u00e4tten"},"content":{"rendered":"\t\t<div data-elementor-type=\"wp-page\" data-elementor-id=\"8405\" class=\"elementor elementor-8405\">\n\t\t\t\t<div class=\"elementor-element elementor-element-basy189 e-flex e-con-boxed e-con e-parent\" data-id=\"basy189\" data-element_type=\"container\" data-e-type=\"container\" data-settings=\"{&quot;background_background&quot;:&quot;classic&quot;}\">\n\t\t\t\t\t<div class=\"e-con-inner\">\n\t\t<div class=\"elementor-element elementor-element-d21b7e0 e-flex e-con-boxed e-con e-child\" data-id=\"d21b7e0\" data-element_type=\"container\" data-e-type=\"container\">\n\t\t\t\t\t<div class=\"e-con-inner\">\n\t\t\t\t<div class=\"elementor-element elementor-element-e9fd9dc elementor-widget elementor-widget-heading\" data-id=\"e9fd9dc\" data-element_type=\"widget\" data-e-type=\"widget\" data-widget_type=\"heading.default\">\n\t\t\t\t<div class=\"elementor-widget-container\">\n\t\t\t\t\t<h1 class=\"elementor-heading-title elementor-size-default\">ALLEMANSR\u00c4TTEN<\/h1>\t\t\t\t<\/div>\n\t\t\t\t<\/div>\n\t\t\t\t\t<\/div>\n\t\t\t\t<\/div>\n\t\t\t\t\t<\/div>\n\t\t\t\t<\/div>\n\t\t<div class=\"elementor-element elementor-element-qd77j7i e-flex e-con-boxed e-con e-parent\" data-id=\"qd77j7i\" data-element_type=\"container\" data-e-type=\"container\">\n\t\t\t\t\t<div class=\"e-con-inner\">\n\t\t<div class=\"elementor-element elementor-element-7dbc6fb e-con-full e-flex e-con e-child\" data-id=\"7dbc6fb\" data-element_type=\"container\" data-e-type=\"container\">\n\t\t\t\t<div class=\"elementor-element elementor-element-6658dc9 elementor-widget elementor-widget-heading\" data-id=\"6658dc9\" data-element_type=\"widget\" data-e-type=\"widget\" data-widget_type=\"heading.default\">\n\t\t\t\t<div class=\"elementor-widget-container\">\n\t\t\t\t\t<h4 class=\"elementor-heading-title elementor-size-default\">Allemannsr\u00e4tten \u00e4r s\u00e5 fantastisk eftersom den ger alls m\u00e4nniskor friheten att njuta av naturen - till och med att g\u00f6ra upp en liten eld - samtidigt som man tar ansvar och visar respekt f\u00f6r milj\u00f6n.<\/h4>\t\t\t\t<\/div>\n\t\t\t\t<\/div>\n\t\t\t\t<div class=\"elementor-element elementor-element-e9a8c1e elementor-widget elementor-widget-image\" data-id=\"e9a8c1e\" data-element_type=\"widget\" data-e-type=\"widget\" data-widget_type=\"image.default\">\n\t\t\t\t<div class=\"elementor-widget-container\">\n\t\t\t\t\t\t\t\t\t\t\t\t\t\t\t<img fetchpriority=\"high\" decoding=\"async\" width=\"2560\" height=\"1920\" src=\"https:\/\/kyrkekvarn.com\/english\/wp-content\/uploads\/2026\/04\/IMG_7845-scaled-e1776113161646.jpg\" class=\"attachment-full size-full wp-image-8411\" alt=\"img 7845\" srcset=\"https:\/\/kyrkekvarn.com\/english\/wp-content\/uploads\/2026\/04\/IMG_7845-scaled-e1776113161646.jpg 2560w, https:\/\/kyrkekvarn.com\/english\/wp-content\/uploads\/2026\/04\/IMG_7845-scaled-e1776113161646-300x225.jpg 300w, https:\/\/kyrkekvarn.com\/english\/wp-content\/uploads\/2026\/04\/IMG_7845-scaled-e1776113161646-1024x768.jpg 1024w, https:\/\/kyrkekvarn.com\/english\/wp-content\/uploads\/2026\/04\/IMG_7845-scaled-e1776113161646-768x576.jpg 768w, https:\/\/kyrkekvarn.com\/english\/wp-content\/uploads\/2026\/04\/IMG_7845-scaled-e1776113161646-1536x1152.jpg 1536w, https:\/\/kyrkekvarn.com\/english\/wp-content\/uploads\/2026\/04\/IMG_7845-scaled-e1776113161646-2048x1536.jpg 2048w\" sizes=\"(max-width: 2560px) 100vw, 2560px\" title=\"Allemansr\u00e4tten\">\t\t\t\t\t\t\t\t\t\t\t\t\t\t\t<\/div>\n\t\t\t\t<\/div>\n\t\t<div class=\"elementor-element elementor-element-51b695b e-flex e-con-boxed e-con e-child\" data-id=\"51b695b\" data-element_type=\"container\" data-e-type=\"container\">\n\t\t\t\t\t<div class=\"e-con-inner\">\n\t\t<div class=\"elementor-element elementor-element-bda37a0 e-flex e-con-boxed e-con e-child\" data-id=\"bda37a0\" data-element_type=\"container\" data-e-type=\"container\">\n\t\t\t\t\t<div class=\"e-con-inner\">\n\t\t\t\t<div class=\"elementor-element elementor-element-d2f8db4 elementor-widget elementor-widget-heading\" data-id=\"d2f8db4\" data-element_type=\"widget\" data-e-type=\"widget\" data-widget_type=\"heading.default\">\n\t\t\t\t<div class=\"elementor-widget-container\">\n\t\t\t\t\t<h2 class=\"elementor-heading-title elementor-size-default\">Frihet under ansvar i naturen<\/h2>\t\t\t\t<\/div>\n\t\t\t\t<\/div>\n\t\t\t\t<div class=\"elementor-element elementor-element-10059e1 elementor-widget elementor-widget-text-editor\" data-id=\"10059e1\" data-element_type=\"widget\" data-e-type=\"widget\" data-widget_type=\"text-editor.default\">\n\t\t\t\t<div class=\"elementor-widget-container\">\n\t\t\t\t\t\t\t\t\t<p>Allemansr\u00e4tten \u00e4r en sedv\u00e4nja sedan m\u00e5nga hundra \u00e5r och gav en person r\u00e4tt att f\u00e4rdas fr\u00e5n en plats till en annan, till fots, till h\u00e4st eller med b\u00e5t, \u00f6ver andra personers land eller vatten. Under f\u00e4rden fick man \u00f6vernatta, en natt p\u00e5 en plats, g\u00f6ra upp en eld och d\u00e5 endast anv\u00e4nda kvistar som l\u00e5g p\u00e5 marken. Man fick \u00e4ven plocka vilda b\u00e4r och svampar till sin m\u00e5ltid. Denna unika r\u00e4tt finns kvar \u00e4n idag och det \u00e4r detta som g\u00f6r att vi fritt kan r\u00f6ra oss ute i v\u00e5r underbara natur. Men denna r\u00e4tt inneb\u00e4r ocks\u00e5 skyldigheter f\u00f6r alla som vistas ute i naturen.<br \/>Man m\u00e5ste visa h\u00e4nsyn mot alla som bor eller vistas ute samtidigt, mot alla djur, levande v\u00e4xter och tr\u00e4d. Detta \u00e4r s\u00e4rskilt viktigt under v\u00e5ren och f\u00f6rsommaren, d\u00e5 alla djur har ungar.<\/p><p>Allemansr\u00e4tten kan sammanfattas genom n\u00e5gra f\u00e5 ord: \u201dSe, men inte synas, h\u00f6ra, men ej bli h\u00f6rd och l\u00e4mna inga sp\u00e5r efter dig\u201d. F\u00f6ljer man dessa enkla regler, kommer man inte i konflikt med varken djur, natur eller m\u00e4nniskor.<\/p><p>N\u00e4r du hyr utrustning och kanoter vid Kyrkekvarn g\u00e4ller s\u00e4rskilda regler som inte omfattas av Allemansr\u00e4tten. Som kund\/g\u00e4st \u00e4r du skyldig att f\u00f6lja de regler och den information Kyrkekvarn delger i samband med din hyra. \u200b<\/p>\t\t\t\t\t\t\t\t<\/div>\n\t\t\t\t<\/div>\n\t\t\t\t\t<\/div>\n\t\t\t\t<\/div>\n\t\t\t\t\t<\/div>\n\t\t\t\t<\/div>\n\t\t\t\t<\/div>\n\t\t\t\t\t<\/div>\n\t\t\t\t<\/div>\n\t\t<div class=\"elementor-element elementor-element-cbac81a e-flex e-con-boxed e-con e-parent\" data-id=\"cbac81a\" data-element_type=\"container\" data-e-type=\"container\">\n\t\t\t\t\t<div class=\"e-con-inner\">\n\t\t\t\t<div class=\"elementor-element elementor-element-2be3ae8 elementor-widget elementor-widget-heading\" data-id=\"2be3ae8\" data-element_type=\"widget\" data-e-type=\"widget\" data-widget_type=\"heading.default\">\n\t\t\t\t<div class=\"elementor-widget-container\">\n\t\t\t\t\t<h2 class=\"elementor-heading-title elementor-size-default\">Vad som \u00e4r till\u00e5tet<\/h2>\t\t\t\t<\/div>\n\t\t\t\t<\/div>\n\t\t\t\t\t<\/div>\n\t\t\t\t<\/div>\n\t\t<div class=\"elementor-element elementor-element-05901b2 e-flex e-con-boxed e-con e-parent\" data-id=\"05901b2\" data-element_type=\"container\" data-e-type=\"container\">\n\t\t\t\t\t<div class=\"e-con-inner\">\n\t\t\t\t<div class=\"elementor-element elementor-element-eb28e10 elementor-widget elementor-widget-text-editor\" data-id=\"eb28e10\" data-element_type=\"widget\" data-e-type=\"widget\" data-widget_type=\"text-editor.default\">\n\t\t\t\t<div class=\"elementor-widget-container\">\n\t\t\t\t\t\t\t\t\t<ul><li>Du f\u00e5r f\u00e4rdas \u00f6ver annans land och vatten, till fots eller med b\u00e5t.<\/li><li>Du f\u00e5r tillf\u00e4lligt passera en st\u00e4ngd grind, till ett f\u00e4lt eller en \u00e4ng, om du st\u00e4nger den efter dig.<\/li><li>Du f\u00e5r s\u00e4tta upp ett t\u00e4lt. En natt p\u00e5 en plats, om du inte st\u00f6r n\u00e5gon.\u00a0Skall du t\u00e4lta flera n\u00e4tter, m\u00e5ste du ha mark\u00e4garens tillst\u00e5nd.<\/li><li>Du f\u00e5r g\u00e5 iland, f\u00f6rt\u00f6ja en b\u00e5t, flotte eller liknande, men inte i n\u00e4rheten av hus eller sommarstuga.<\/li><li>Du f\u00e5r g\u00f6ra upp en liten eld, om det inte \u00e4r eldf\u00f6rbud och om det inte finns risk f\u00f6r att elden sprider sig.<\/li><li>Till din eld f\u00e5r du endast ta kvistar och ris som ligger p\u00e5 marken. Det \u00e4r din skyldighet att ta reda p\u00e5\u00a0om det r\u00e5der eldningsf\u00f6rbud, du \u00e4r ocks\u00e5 ansvarig f\u00f6r att elden blir ordentligt sl\u00e4ckt.<\/li><li>Du f\u00e5r plocka vilda b\u00e4r, svamp och blommor. Vissa v\u00e4xter \u00e4r fridlysta och f\u00e5r inte<br \/>plockas, det \u00e4r din skyldighet att ta reda p\u00e5 vilka som f\u00e5r plockas och inte.<\/li><li>Du f\u00e5r i allm\u00e4nhet fiska, men det kr\u00e4vs i regel fiskekort f\u00f6r detta. Det \u00e4r din<br \/>skyldighet att ta reda p\u00e5 vilka best\u00e4mmelser som g\u00e4ller.<\/li><\/ul>\t\t\t\t\t\t\t\t<\/div>\n\t\t\t\t<\/div>\n\t\t\t\t\t<\/div>\n\t\t\t\t<\/div>\n\t\t<div class=\"elementor-element elementor-element-42f8413 e-flex e-con-boxed e-con e-parent\" data-id=\"42f8413\" data-element_type=\"container\" data-e-type=\"container\">\n\t\t\t\t\t<div class=\"e-con-inner\">\n\t\t\t\t<div class=\"elementor-element elementor-element-de94f72 elementor-widget elementor-widget-heading\" data-id=\"de94f72\" data-element_type=\"widget\" data-e-type=\"widget\" data-widget_type=\"heading.default\">\n\t\t\t\t<div class=\"elementor-widget-container\">\n\t\t\t\t\t<h2 class=\"elementor-heading-title elementor-size-default\">Vad som inte \u00e4r till\u00e5tet<\/h2>\t\t\t\t<\/div>\n\t\t\t\t<\/div>\n\t\t\t\t\t<\/div>\n\t\t\t\t<\/div>\n\t\t<div class=\"elementor-element elementor-element-bdeae27 e-flex e-con-boxed e-con e-parent\" data-id=\"bdeae27\" data-element_type=\"container\" data-e-type=\"container\">\n\t\t\t\t\t<div class=\"e-con-inner\">\n\t\t\t\t<div class=\"elementor-element elementor-element-1cc13bd elementor-widget elementor-widget-text-editor\" data-id=\"1cc13bd\" data-element_type=\"widget\" data-e-type=\"widget\" data-widget_type=\"text-editor.default\">\n\t\t\t\t<div class=\"elementor-widget-container\">\n\t\t\t\t\t\t\t\t\t<ul><li>Du f\u00e5r inte skada v\u00e4xande gr\u00f6da, skogsplantering, hugga ner eller skada tr\u00e4 och buskar.<\/li><li>Du f\u00e5r inte passera eller vistas p\u00e5 annans tomt. Tomten beh\u00f6ver inte vara inh\u00e4gnad, utan \u00e4r det\u00a0omr\u00e5de som \u00e4r n\u00e4rmast ett hus eller sommarstuga. Detta g\u00e4ller \u00e4ven om ingen person finns d\u00e4r\u00a0f\u00f6r tillf\u00e4llet.<\/li><li>Du f\u00e5r inte l\u00e4mna grindar \u00f6ppna s\u00e5 boskap kommer ut.<\/li><li>Du f\u00e5r inte ta ved som \u00e4r s\u00e5gad och huggen och finns liggande p\u00e5 marken.\u00a0Det \u00e4r troligen mark\u00e4garen som gjort i ordning detta f\u00f6r eget behov.<\/li><li>Du f\u00e5r inte sl\u00e5 upp t\u00e4lt i n\u00e4rheten av hus eller sommarstugor utan tillst\u00e5nd,\u00a0oavsett om det f\u00f6r tillf\u00e4llet inte bor n\u00e5gon d\u00e4r.<\/li><li>Du f\u00e5r inte t\u00e4lta flera dygn p\u00e5 samma st\u00e4lle, d\u00e5 kr\u00e4vs mark\u00e4garens tillst\u00e5nd.\u00a0F\u00f6r grupper kr\u00e4vs alltid mark\u00e4garens tillst\u00e5nd om man t\u00e4ltar.<\/li><li>Du f\u00e5r inte g\u00e5 iland vid n\u00e5gons brygga eller strand, framf\u00f6r hus eller sommarstuga,\u00a0oavsett om det d\u00e4r finns n\u00e5gon person f\u00f6r tillf\u00e4llet.<\/li><li>Du f\u00e5r inte g\u00e5 land d\u00e4r finns skyltat f\u00f6rbud mot landstigning, kan bero p\u00e5 f\u00e5gelskydd eller liknande.<\/li><li>Du f\u00e5r inte g\u00f6ra upp eld direkt p\u00e5 klippa, den kan spricka s\u00f6nder och d\u00e5 finns skadan kvar f\u00f6r alltid.<\/li><li>Du f\u00e5r inte plocka b\u00e4r, svamp eller annat, p\u00e5 annans tomt eller tr\u00e4dg\u00e5rdar.\u00a0Plocka aldrig i n\u00e4rheten av hus eller sommarstugor, det kan vara odlat och det anses d\u00e5 som st\u00f6ld.<\/li><li>Du f\u00e5r inte jaga n\u00e5gra djur. Det \u00e4r heller inte till\u00e5tet att r\u00f6ra f\u00e5gelbon eller ta f\u00e5gel\u00e4gg.<\/li><\/ul>\t\t\t\t\t\t\t\t<\/div>\n\t\t\t\t<\/div>\n\t\t\t\t\t<\/div>\n\t\t\t\t<\/div>\n\t\t<div class=\"elementor-element elementor-element-d1c1cb0 e-flex e-con-boxed e-con e-parent\" data-id=\"d1c1cb0\" data-element_type=\"container\" data-e-type=\"container\">\n\t\t\t\t\t<div class=\"e-con-inner\">\n\t\t\t\t<div class=\"elementor-element elementor-element-7dfb996 elementor-widget elementor-widget-heading\" data-id=\"7dfb996\" data-element_type=\"widget\" data-e-type=\"widget\" data-widget_type=\"heading.default\">\n\t\t\t\t<div class=\"elementor-widget-container\">\n\t\t\t\t\t<h2 class=\"elementor-heading-title elementor-size-default\">Grupper<\/h2>\t\t\t\t<\/div>\n\t\t\t\t<\/div>\n\t\t\t\t\t<\/div>\n\t\t\t\t<\/div>\n\t\t<div class=\"elementor-element elementor-element-f1204e1 e-flex e-con-boxed e-con e-parent\" data-id=\"f1204e1\" data-element_type=\"container\" data-e-type=\"container\">\n\t\t\t\t\t<div class=\"e-con-inner\">\n\t\t\t\t<div class=\"elementor-element elementor-element-7ce7d7e elementor-widget elementor-widget-text-editor\" data-id=\"7ce7d7e\" data-element_type=\"widget\" data-e-type=\"widget\" data-widget_type=\"text-editor.default\">\n\t\t\t\t<div class=\"elementor-widget-container\">\n\t\t\t\t\t\t\t\t\t<p>Allemansr\u00e4tten g\u00e4ller inte f\u00f6r en grupp av personer. Detta g\u00f6r att grupper som vill vistas ute i naturen m\u00e5ste vara mycket h\u00e4nsynsfulla. T\u00e4nk p\u00e5 en grupp alltid b\u00e5de syns och h\u00f6rs mycket mera \u00e4n n\u00e5gra enstaka personer.<\/p>\t\t\t\t\t\t\t\t<\/div>\n\t\t\t\t<\/div>\n\t\t\t\t\t<\/div>\n\t\t\t\t<\/div>\n\t\t<div class=\"elementor-element elementor-element-ebc529d e-flex e-con-boxed e-con e-parent\" data-id=\"ebc529d\" data-element_type=\"container\" data-e-type=\"container\">\n\t\t\t\t\t<div class=\"e-con-inner\">\n\t\t\t\t<div class=\"elementor-element elementor-element-41a0353 elementor-widget elementor-widget-heading\" data-id=\"41a0353\" data-element_type=\"widget\" data-e-type=\"widget\" data-widget_type=\"heading.default\">\n\t\t\t\t<div class=\"elementor-widget-container\">\n\t\t\t\t\t<h2 class=\"elementor-heading-title elementor-size-default\">Motorfordon<\/h2>\t\t\t\t<\/div>\n\t\t\t\t<\/div>\n\t\t\t\t\t<\/div>\n\t\t\t\t<\/div>\n\t\t<div class=\"elementor-element elementor-element-77db3bb e-flex e-con-boxed e-con e-parent\" data-id=\"77db3bb\" data-element_type=\"container\" data-e-type=\"container\">\n\t\t\t\t\t<div class=\"e-con-inner\">\n\t\t\t\t<div class=\"elementor-element elementor-element-5f46586 elementor-widget elementor-widget-text-editor\" data-id=\"5f46586\" data-element_type=\"widget\" data-e-type=\"widget\" data-widget_type=\"text-editor.default\">\n\t\t\t\t<div class=\"elementor-widget-container\">\n\t\t\t\t\t\t\t\t\t<p>Allemansr\u00e4tten g\u00e4ller inte f\u00f6r n\u00e5got motorfordon. Detta innefattar bilar, motorcyklar, mopeder, husvagnar, husbilar. Detta inneb\u00e4r att man inte kan h\u00e4vda allemansr\u00e4tten, n\u00e4r man stannar och \u00f6vernattar med en husbil eller husvagn. Det \u00e4r ocks\u00e5 f\u00f6rbjudet att k\u00f6ra av v\u00e4gen och ut i terr\u00e4ngen. Detta m\u00e5ste man t\u00e4nka p\u00e5 n\u00e4r man skall fram till en sj\u00f6 och lasta av kanoter, b\u00e5tar m.m.<\/p><p>\u00a0<\/p><p>\u00a0<\/p><p>\u00a0<\/p><p>K\u00e4lla: Naturv\u00e5rdsverket<\/p>\t\t\t\t\t\t\t\t<\/div>\n\t\t\t\t<\/div>\n\t\t\t\t\t<\/div>\n\t\t\t\t<\/div>\n\t\t<div class=\"elementor-element elementor-element-5cb8b04 e-flex e-con-boxed e-con e-parent\" data-id=\"5cb8b04\" data-element_type=\"container\" data-e-type=\"container\">\n\t\t\t\t\t<div class=\"e-con-inner\">\n\t\t\t\t<div class=\"elementor-element elementor-element-6c2d568 elementor-widget elementor-widget-spacer\" data-id=\"6c2d568\" data-element_type=\"widget\" data-e-type=\"widget\" data-widget_type=\"spacer.default\">\n\t\t\t\t<div class=\"elementor-widget-container\">\n\t\t\t\t\t\t\t<div class=\"elementor-spacer\">\n\t\t\t<div class=\"elementor-spacer-inner\"><\/div>\n\t\t<\/div>\n\t\t\t\t\t\t<\/div>\n\t\t\t\t<\/div>\n\t\t\t\t\t<\/div>\n\t\t\t\t<\/div>\n\t\t<div class=\"elementor-element elementor-element-b2ed93d e-flex e-con-boxed e-con e-parent\" data-id=\"b2ed93d\" data-element_type=\"container\" data-e-type=\"container\" data-settings=\"{&quot;background_background&quot;:&quot;classic&quot;}\">\n\t\t\t\t\t<div class=\"e-con-inner\">\n\t\t\t\t\t<\/div>\n\t\t\t\t<\/div>\n\t\t\t\t<\/div>\n\t\t","protected":false},"excerpt":{"rendered":"<p>ALLEMANSR\u00c4TTEN Allemannsr\u00e4tten \u00e4r s\u00e5 fantastisk eftersom den ger alls m\u00e4nniskor friheten att njuta av naturen &#8211; till och med att g\u00f6ra upp en liten eld &#8211; samtidigt som man tar ansvar och visar respekt f\u00f6r milj\u00f6n. Frihet under ansvar i naturen Allemansr\u00e4tten \u00e4r en sedv\u00e4nja sedan m\u00e5nga hundra \u00e5r och gav en person r\u00e4tt att [&hellip;]<\/p>\n","protected":false},"author":2,"featured_media":0,"parent":0,"menu_order":0,"comment_status":"closed","ping_status":"closed","template":"","meta":{"_monsterinsights_skip_tracking":false,"_monsterinsights_sitenote_active":false,"_monsterinsights_sitenote_note":"","_monsterinsights_sitenote_category":0,"site-sidebar-layout":"no-sidebar","site-content-layout":"page-builder","ast-site-content-layout":"full-width-container","site-content-style":"unboxed","site-sidebar-style":"unboxed","ast-global-header-display":"","ast-banner-title-visibility":"","ast-main-header-display":"","ast-hfb-above-header-display":"","ast-hfb-below-header-display":"","ast-hfb-mobile-header-display":"","site-post-title":"disabled","ast-breadcrumbs-content":"","ast-featured-img":"disabled","footer-sml-layout":"","ast-disable-related-posts":"","theme-transparent-header-meta":"enabled","adv-header-id-meta":"","stick-header-meta":"","header-above-stick-meta":"","header-main-stick-meta":"","header-below-stick-meta":"","astra-migrate-meta-layouts":"set","ast-page-background-enabled":"default","ast-page-background-meta":{"desktop":{"background-color":"var(--ast-global-color-4)","background-image":"","background-repeat":"repeat","background-position":"center center","background-size":"auto","background-attachment":"scroll","background-type":"","background-media":"","overlay-type":"","overlay-color":"","overlay-opacity":"","overlay-gradient":""},"tablet":{"background-color":"","background-image":"","background-repeat":"repeat","background-position":"center center","background-size":"auto","background-attachment":"scroll","background-type":"","background-media":"","overlay-type":"","overlay-color":"","overlay-opacity":"","overlay-gradient":""},"mobile":{"background-color":"","background-image":"","background-repeat":"repeat","background-position":"center center","background-size":"auto","background-attachment":"scroll","background-type":"","background-media":"","overlay-type":"","overlay-color":"","overlay-opacity":"","overlay-gradient":""}},"ast-content-background-meta":{"desktop":{"background-color":"var(--ast-global-color-5)","background-image":"","background-repeat":"repeat","background-position":"center center","background-size":"auto","background-attachment":"scroll","background-type":"","background-media":"","overlay-type":"","overlay-color":"","overlay-opacity":"","overlay-gradient":""},"tablet":{"background-color":"var(--ast-global-color-5)","background-image":"","background-repeat":"repeat","background-position":"center center","background-size":"auto","background-attachment":"scroll","background-type":"","background-media":"","overlay-type":"","overlay-color":"","overlay-opacity":"","overlay-gradient":""},"mobile":{"background-color":"var(--ast-global-color-5)","background-image":"","background-repeat":"repeat","background-position":"center center","background-size":"auto","background-attachment":"scroll","background-type":"","background-media":"","overlay-type":"","overlay-color":"","overlay-opacity":"","overlay-gradient":""}},"footnotes":""},"class_list":["post-8405","page","type-page","status-publish","hentry"],"_links":{"self":[{"href":"https:\/\/kyrkekvarn.com\/english\/wp-json\/wp\/v2\/pages\/8405","targetHints":{"allow":["GET"]}}],"collection":[{"href":"https:\/\/kyrkekvarn.com\/english\/wp-json\/wp\/v2\/pages"}],"about":[{"href":"https:\/\/kyrkekvarn.com\/english\/wp-json\/wp\/v2\/types\/page"}],"author":[{"embeddable":true,"href":"https:\/\/kyrkekvarn.com\/english\/wp-json\/wp\/v2\/users\/2"}],"replies":[{"embeddable":true,"href":"https:\/\/kyrkekvarn.com\/english\/wp-json\/wp\/v2\/comments?post=8405"}],"version-history":[{"count":11,"href":"https:\/\/kyrkekvarn.com\/english\/wp-json\/wp\/v2\/pages\/8405\/revisions"}],"predecessor-version":[{"id":8469,"href":"https:\/\/kyrkekvarn.com\/english\/wp-json\/wp\/v2\/pages\/8405\/revisions\/8469"}],"wp:attachment":[{"href":"https:\/\/kyrkekvarn.com\/english\/wp-json\/wp\/v2\/media?parent=8405"}],"curies":[{"name":"wp","href":"https:\/\/api.w.org\/{rel}","templated":true}]}}