{"id":8588,"date":"2026-04-15T15:56:14","date_gmt":"2026-04-15T13:56:14","guid":{"rendered":"https:\/\/kyrkekvarn.com\/english\/?page_id=8588"},"modified":"2026-04-15T16:11:06","modified_gmt":"2026-04-15T14:11:06","slug":"haststuga","status":"publish","type":"page","link":"https:\/\/kyrkekvarn.com\/english\/haststuga\/","title":{"rendered":"H\u00e4st&amp;Stuga"},"content":{"rendered":"\t\t<div data-elementor-type=\"wp-page\" data-elementor-id=\"8588\" class=\"elementor elementor-8588\">\n\t\t\t\t<div class=\"elementor-element elementor-element-810b4a6 e-flex e-con-boxed e-con e-parent\" data-id=\"810b4a6\" data-element_type=\"container\" data-e-type=\"container\" data-settings=\"{&quot;background_background&quot;:&quot;classic&quot;}\">\n\t\t\t\t\t<div class=\"e-con-inner\">\n\t\t<div class=\"elementor-element elementor-element-d5c4306 e-con-full e-flex e-con e-child\" data-id=\"d5c4306\" data-element_type=\"container\" data-e-type=\"container\">\n\t\t\t\t<div class=\"elementor-element elementor-element-735f984 elementor-widget elementor-widget-heading\" data-id=\"735f984\" data-element_type=\"widget\" data-e-type=\"widget\" data-widget_type=\"heading.default\">\n\t\t\t\t<div class=\"elementor-widget-container\">\n\t\t\t\t\t<h1 class=\"elementor-heading-title elementor-size-default\">H\u00e4st &amp; Stuga<\/h1>\t\t\t\t<\/div>\n\t\t\t\t<\/div>\n\t\t\t\t<div class=\"elementor-element elementor-element-0c85c2e elementor-align-center elementor-widget elementor-widget-button\" data-id=\"0c85c2e\" data-element_type=\"widget\" data-e-type=\"widget\" data-widget_type=\"button.default\">\n\t\t\t\t<div class=\"elementor-widget-container\">\n\t\t\t\t\t\t\t\t\t<div class=\"elementor-button-wrapper\">\n\t\t\t\t\t<a class=\"elementor-button elementor-button-link elementor-size-sm\" href=\"https:\/\/dividoit.se\/kyrkekvarn\/bokning\/\">\n\t\t\t\t\t\t<span class=\"elementor-button-content-wrapper\">\n\t\t\t\t\t\t\t\t\t<span class=\"elementor-button-text\">BOKA ONLINE<\/span>\n\t\t\t\t\t<\/span>\n\t\t\t\t\t<\/a>\n\t\t\t\t<\/div>\n\t\t\t\t\t\t\t\t<\/div>\n\t\t\t\t<\/div>\n\t\t\t\t<\/div>\n\t\t\t\t\t<\/div>\n\t\t\t\t<\/div>\n\t\t<div class=\"elementor-element elementor-element-1490f4d e-flex e-con-boxed e-con e-parent\" data-id=\"1490f4d\" data-element_type=\"container\" data-e-type=\"container\">\n\t\t\t\t\t<div class=\"e-con-inner\">\n\t\t\t\t<div class=\"elementor-element elementor-element-853c452 elementor-widget elementor-widget-spacer\" data-id=\"853c452\" data-element_type=\"widget\" data-e-type=\"widget\" data-widget_type=\"spacer.default\">\n\t\t\t\t<div class=\"elementor-widget-container\">\n\t\t\t\t\t\t\t<div class=\"elementor-spacer\">\n\t\t\t<div class=\"elementor-spacer-inner\"><\/div>\n\t\t<\/div>\n\t\t\t\t\t\t<\/div>\n\t\t\t\t<\/div>\n\t\t\t\t\t<\/div>\n\t\t\t\t<\/div>\n\t\t<div class=\"elementor-element elementor-element-a2b3108 e-flex e-con-boxed e-con e-parent\" data-id=\"a2b3108\" data-element_type=\"container\" data-e-type=\"container\">\n\t\t\t\t\t<div class=\"e-con-inner\">\n\t\t\t\t<div class=\"elementor-element elementor-element-1adc706 elementor-widget elementor-widget-heading\" data-id=\"1adc706\" data-element_type=\"widget\" data-e-type=\"widget\" data-widget_type=\"heading.default\">\n\t\t\t\t<div class=\"elementor-widget-container\">\n\t\t\t\t\t<h2 class=\"elementor-heading-title elementor-size-default\">H\u00e4st &amp; Stuga - F\u00f6rridvana<\/h2>\t\t\t\t<\/div>\n\t\t\t\t<\/div>\n\t\t\t\t\t<\/div>\n\t\t\t\t<\/div>\n\t\t<div class=\"elementor-element elementor-element-bcb12c3 e-flex e-con-boxed e-con e-parent\" data-id=\"bcb12c3\" data-element_type=\"container\" data-e-type=\"container\">\n\t\t\t\t\t<div class=\"e-con-inner\">\n\t\t\t\t<div class=\"elementor-element elementor-element-e4a8433 elementor-widget elementor-widget-text-editor\" data-id=\"e4a8433\" data-element_type=\"widget\" data-e-type=\"widget\" data-widget_type=\"text-editor.default\">\n\t\t\t\t<div class=\"elementor-widget-container\">\n\t\t\t\t\t\t\t\t\t<p>Hyr en h\u00e4st och ha den som din egen! Minst 2 h\u00e4star.<br \/>Bo i stuga, eller p\u00e5 campingen och rid ut p\u00e5 egen hand.<br \/><strong>Bokas i perioden Maj- September<\/strong><\/p><p><strong>\u00a0<\/strong><\/p><p>\u00a0<\/p><h5><strong>Stughyran ing\u00e5r ej i priset.<\/strong><\/h5><h5>N\u00e4r du bokar H\u00e4st &amp; Stuga har du under vistelsen 50% rabatt\u00a0 i v\u00e5rt fina ridhus.\u00a0 \u00a0 \u00a0 \u00a0 \u00a0 \u00a0 \u00a0 \u00a0 \u00a0 \u00a0 \u00a0 \u00a0 \u00a0 \u00a0 \u00a0 \u00a0 \u00a0 \u00a0 \u00a0\u00a0<\/h5><p>Rabattkod f\u00e5s vid utdelningen av h\u00e4starna.<\/p><p>Exempel 7 n\u00e4tters boende och 6 dagars h\u00e4st.<br \/>Ankomstdag Installation i boendet.<br \/>Dag 1 Instruktion, ridtur med ledare, d\u00e4refter p\u00e5 egen hand.<br \/>Dag 2,3,5,6 Rid p\u00e5 egen hand. Dag 4 Vilodag.<br \/>Dag 7 Utcheckning fr\u00e5n stugan.<\/p><p>\u00a0<\/p><p><strong>6 dagar 4.500:-\/h\u00e4st<\/strong>\u00a0 valfri startdag, fem riddagar, en vilodag.<br \/><strong>5 dagar 3.800:-\/h\u00e4s<\/strong>t valfri startdag, fyra riddagar, en vilodag.<br \/><strong>2 dagar 2.000:-\/h\u00e4st\u00a0<\/strong>\u00a0valfri startdag.<\/p><p><strong>Extra dag 900:-\/h\u00e4st<\/strong><\/p>\t\t\t\t\t\t\t\t<\/div>\n\t\t\t\t<\/div>\n\t\t\t\t\t<\/div>\n\t\t\t\t<\/div>\n\t\t<div class=\"elementor-element elementor-element-ebc0a9d e-flex e-con-boxed e-con e-parent\" data-id=\"ebc0a9d\" data-element_type=\"container\" data-e-type=\"container\">\n\t\t\t\t\t<div class=\"e-con-inner\">\n\t\t\t\t<div class=\"elementor-element elementor-element-1607414 elementor-widget elementor-widget-heading\" data-id=\"1607414\" data-element_type=\"widget\" data-e-type=\"widget\" data-widget_type=\"heading.default\">\n\t\t\t\t<div class=\"elementor-widget-container\">\n\t\t\t\t\t<h2 class=\"elementor-heading-title elementor-size-default\">H\u00e4st &amp; Stuga - Vinter<\/h2>\t\t\t\t<\/div>\n\t\t\t\t<\/div>\n\t\t\t\t\t<\/div>\n\t\t\t\t<\/div>\n\t\t<div class=\"elementor-element elementor-element-42a0bca e-flex e-con-boxed e-con e-parent\" data-id=\"42a0bca\" data-element_type=\"container\" data-e-type=\"container\">\n\t\t\t\t\t<div class=\"e-con-inner\">\n\t\t\t\t<div class=\"elementor-element elementor-element-1bc1fd6 elementor-widget elementor-widget-text-editor\" data-id=\"1bc1fd6\" data-element_type=\"widget\" data-e-type=\"widget\" data-widget_type=\"text-editor.default\">\n\t\t\t\t<div class=\"elementor-widget-container\">\n\t\t\t\t\t\t\t\t\t<p><strong>Att rida p\u00e5 vintern \u00e4r n\u00e5got alldeles speciellt. Str\u00e5lande sol, knarrande sn\u00f6 och vinterkylan som biter en i n\u00e4stippen. Det kan ocks\u00e5 vara sn\u00f6blandat regn, slask och halka. Umg\u00e4nget med h\u00e4sten \u00e4r dock alltid detsamma. Vackra, mjuka och sn\u00e4lla islandsh\u00e4star som b\u00e4r dig tryggt och stillsamt genom landskapet eller som visar sina g\u00e5ngarter i v\u00e5rt rymliga ridhus. Du v\u00e4ljer! Varmt v\u00e4lkommen att boka H\u00e4st och stuga Vinter hos oss p\u00e5 Kyrkekvarn!<\/strong><\/p><p><strong>\u00a0<\/strong><\/p><p>Hyr en h\u00e4st och ha den som din egen! Minst 2 h\u00e4star.<br \/>Bo i stuga, rid ut p\u00e5 egen hand och rid i v\u00e5rt ridhus.<br \/><strong>Bokas i perioden December-April<\/strong><\/p><p><strong>\u00a0<\/strong><\/p><p>Tempot p\u00e5 ridningen anpassa till underlaget vilket kan inneb\u00e4ra att t\u00f6lt och galopp endast kan ske p\u00e5 begr\u00e4nsade str\u00e4ckor d\u00e4r det inte \u00e4r halt och is.<\/p><p>Ridning utomhus mellan kl 10-16 och i ridhus kl 10-20.<\/p><p>H\u00e4starna g\u00e5r med stora flocken vid stallet och ej i anslutning till hage vid huset.<\/p><p>Start med Guide tur och utdelning av h\u00e4st.<\/p><p><strong>6 dagar 4.650:-\/h\u00e4st<\/strong>\u00a0 valfri startdag, fem riddagar, en vilodag, upp till 10 timmar i ridhus.<br \/><strong>5 dagar 4.000:-\/h\u00e4s<\/strong>t valfri startdag, fyra riddagar, en vilodag, upp till 8 timmar i ridhus.<br \/><strong>2 dagar 2.200:-\/h\u00e4st\u00a0<\/strong>\u00a0valfri startdag.\u00a0 upp till 4 timmar i ridhus.<\/p><p><strong>Extra dag 1000:-\/h\u00e4st\u00a0 + 2 tim ridhus<\/strong><\/p><h5><strong>Stughyran ing\u00e5r ej i priset.<\/strong><\/h5><p><strong><span class=\"TextRun SCXW192193650 BCX0\" lang=\"SV-SE\" xml:lang=\"SV-SE\" data-contrast=\"none\"><span class=\"NormalTextRun SCXW192193650 BCX0\">Ridhustid bokar du p\u00e5 plats i receptionen.<\/span><\/span><span class=\"EOP SCXW192193650 BCX0\" data-ccp-props=\"{&quot;201341983&quot;:0,&quot;335557856&quot;:16777215,&quot;335559739&quot;:240,&quot;335559740&quot;:240}\">\u00a0<\/span><\/strong><\/p><p>Kod till ridhus f\u00e5s vid ankomst.<\/p>\t\t\t\t\t\t\t\t<\/div>\n\t\t\t\t<\/div>\n\t\t\t\t\t<\/div>\n\t\t\t\t<\/div>\n\t\t<div class=\"elementor-element elementor-element-c2952b1 e-flex e-con-boxed e-con e-parent\" data-id=\"c2952b1\" data-element_type=\"container\" data-e-type=\"container\">\n\t\t\t\t\t<div class=\"e-con-inner\">\n\t\t\t\t<div class=\"elementor-element elementor-element-26e8cc2 elementor-widget elementor-widget-heading\" data-id=\"26e8cc2\" data-element_type=\"widget\" data-e-type=\"widget\" data-widget_type=\"heading.default\">\n\t\t\t\t<div class=\"elementor-widget-container\">\n\t\t\t\t\t<h2 class=\"elementor-heading-title elementor-size-default\">Boka g\u00e4rna en ridlektionoch f\u00e5 chans att utveckla just det du vill tr\u00e4na<\/h2>\t\t\t\t<\/div>\n\t\t\t\t<\/div>\n\t\t\t\t\t<\/div>\n\t\t\t\t<\/div>\n\t\t<div class=\"elementor-element elementor-element-e20d49b e-flex e-con-boxed e-con e-parent\" data-id=\"e20d49b\" data-element_type=\"container\" data-e-type=\"container\">\n\t\t\t\t\t<div class=\"e-con-inner\">\n\t\t\t\t<div class=\"elementor-element elementor-element-964a894 elementor-widget elementor-widget-text-editor\" data-id=\"964a894\" data-element_type=\"widget\" data-e-type=\"widget\" data-widget_type=\"text-editor.default\">\n\t\t\t\t<div class=\"elementor-widget-container\">\n\t\t\t\t\t\t\t\t\t<p><strong>Ridlektion i ridhuset f\u00f6r instrukt\u00f6r, 45 minuter<\/strong><\/p><p><strong>1 person 650:-<\/strong><\/p><p><strong>2 person 550:-<\/strong><\/p><p><strong>3 person 450:-<\/strong><\/p><p><strong>-20% p\u00e5 priset om du bokat H\u00e4st och Stuga<\/strong><\/p>\t\t\t\t\t\t\t\t<\/div>\n\t\t\t\t<\/div>\n\t\t\t\t\t<\/div>\n\t\t\t\t<\/div>\n\t\t<div class=\"elementor-element elementor-element-e9e1d73 e-flex e-con-boxed e-con e-parent\" data-id=\"e9e1d73\" data-element_type=\"container\" data-e-type=\"container\">\n\t\t\t\t\t<div class=\"e-con-inner\">\n\t\t\t\t<div class=\"elementor-element elementor-element-4272dd4 elementor-widget elementor-widget-spacer\" data-id=\"4272dd4\" data-element_type=\"widget\" data-e-type=\"widget\" data-widget_type=\"spacer.default\">\n\t\t\t\t<div class=\"elementor-widget-container\">\n\t\t\t\t\t\t\t<div class=\"elementor-spacer\">\n\t\t\t<div class=\"elementor-spacer-inner\"><\/div>\n\t\t<\/div>\n\t\t\t\t\t\t<\/div>\n\t\t\t\t<\/div>\n\t\t\t\t\t<\/div>\n\t\t\t\t<\/div>\n\t\t<div class=\"elementor-element elementor-element-3528434 e-flex e-con-boxed e-con e-parent\" data-id=\"3528434\" data-element_type=\"container\" data-e-type=\"container\" data-settings=\"{&quot;background_background&quot;:&quot;classic&quot;}\">\n\t\t\t\t\t<div class=\"e-con-inner\">\n\t\t<div class=\"elementor-element elementor-element-5466dde e-flex e-con-boxed e-con e-child\" data-id=\"5466dde\" data-element_type=\"container\" data-e-type=\"container\">\n\t\t\t\t\t<div class=\"e-con-inner\">\n\t\t\t\t<div class=\"elementor-element elementor-element-94d1c6e elementor-widget__width-initial elementor-widget elementor-widget-hfe-infocard\" data-id=\"94d1c6e\" data-element_type=\"widget\" data-e-type=\"widget\" data-widget_type=\"hfe-infocard.default\">\n\t\t\t\t<div class=\"elementor-widget-container\">\n\t\t\t\t\t\n\t\t<div class=\"hfe-infocard\">\n\t\t\t\t\t\t\t\t\t<div class=\"hfe-infocard-title-wrap\">\n\t\t\t\t<h1 class=\"hfe-infocard-title elementor-inline-editing\" data-elementor-setting-key=\"infocard_title\" data-elementor-inline-editing-toolbar=\"basic\" >Vanliga fr\u00e5gor<\/h1>\t\t\t<\/div>\n\t\t\t\t\t\t<div class=\"hfe-infocard-text-wrap\">\n\t\t\t\t<div class=\"hfe-infocard-text elementor-inline-editing\" data-elementor-setting-key=\"infocard_description\" data-elementor-inline-editing-toolbar=\"advanced\">\n\t\t\t\t\tHar du n\u00e5gra fr\u00e5gor? Vi \u00e4r alltid \u00f6ppna f\u00f6r att prata om ditt f\u00f6retag, nya projekt, kreativa m\u00f6jligheter och hur vi kan hj\u00e4lpa dig.\t\t\t\t<\/div>\n\t\t\t\t\t\t\t<\/div>\n\t\t<\/div>\n\n\t\t\t\t\t\t<\/div>\n\t\t\t\t<\/div>\n\t\t\t\t<div class=\"elementor-element elementor-element-7d300f7 elementor-align-center elementor-widget elementor-widget-button\" data-id=\"7d300f7\" data-element_type=\"widget\" data-e-type=\"widget\" data-widget_type=\"button.default\">\n\t\t\t\t<div class=\"elementor-widget-container\">\n\t\t\t\t\t\t\t\t\t<div class=\"elementor-button-wrapper\">\n\t\t\t\t\t<a class=\"elementor-button elementor-button-link elementor-size-sm\" href=\"https:\/\/kyrkekvarn.com\/english\/faq-islandshastarturridning\/\">\n\t\t\t\t\t\t<span class=\"elementor-button-content-wrapper\">\n\t\t\t\t\t\t\t\t\t<span class=\"elementor-button-text\">FAQ<\/span>\n\t\t\t\t\t<\/span>\n\t\t\t\t\t<\/a>\n\t\t\t\t<\/div>\n\t\t\t\t\t\t\t\t<\/div>\n\t\t\t\t<\/div>\n\t\t\t\t\t<\/div>\n\t\t\t\t<\/div>\n\t\t\t\t\t<\/div>\n\t\t\t\t<\/div>\n\t\t\t\t<\/div>\n\t\t","protected":false},"excerpt":{"rendered":"<p>H\u00e4st &amp; Stuga BOKA ONLINE H\u00e4st &amp; Stuga &#8211; F\u00f6rridvana Hyr en h\u00e4st och ha den som din egen! Minst 2 h\u00e4star.Bo i stuga, eller p\u00e5 campingen och rid ut p\u00e5 egen hand.Bokas i perioden Maj- September \u00a0 \u00a0 Stughyran ing\u00e5r ej i priset. N\u00e4r du bokar H\u00e4st &amp; Stuga har du under vistelsen 50% [&hellip;]<\/p>\n","protected":false},"author":2,"featured_media":0,"parent":0,"menu_order":0,"comment_status":"closed","ping_status":"closed","template":"","meta":{"_monsterinsights_skip_tracking":false,"_monsterinsights_sitenote_active":false,"_monsterinsights_sitenote_note":"","_monsterinsights_sitenote_category":0,"site-sidebar-layout":"no-sidebar","site-content-layout":"page-builder","ast-site-content-layout":"full-width-container","site-content-style":"unboxed","site-sidebar-style":"unboxed","ast-global-header-display":"","ast-banner-title-visibility":"","ast-main-header-display":"","ast-hfb-above-header-display":"","ast-hfb-below-header-display":"","ast-hfb-mobile-header-display":"","site-post-title":"disabled","ast-breadcrumbs-content":"","ast-featured-img":"disabled","footer-sml-layout":"","ast-disable-related-posts":"","theme-transparent-header-meta":"enabled","adv-header-id-meta":"","stick-header-meta":"","header-above-stick-meta":"","header-main-stick-meta":"","header-below-stick-meta":"","astra-migrate-meta-layouts":"set","ast-page-background-enabled":"default","ast-page-background-meta":{"desktop":{"background-color":"var(--ast-global-color-4)","background-image":"","background-repeat":"repeat","background-position":"center center","background-size":"auto","background-attachment":"scroll","background-type":"","background-media":"","overlay-type":"","overlay-color":"","overlay-opacity":"","overlay-gradient":""},"tablet":{"background-color":"","background-image":"","background-repeat":"repeat","background-position":"center center","background-size":"auto","background-attachment":"scroll","background-type":"","background-media":"","overlay-type":"","overlay-color":"","overlay-opacity":"","overlay-gradient":""},"mobile":{"background-color":"","background-image":"","background-repeat":"repeat","background-position":"center center","background-size":"auto","background-attachment":"scroll","background-type":"","background-media":"","overlay-type":"","overlay-color":"","overlay-opacity":"","overlay-gradient":""}},"ast-content-background-meta":{"desktop":{"background-color":"var(--ast-global-color-5)","background-image":"","background-repeat":"repeat","background-position":"center center","background-size":"auto","background-attachment":"scroll","background-type":"","background-media":"","overlay-type":"","overlay-color":"","overlay-opacity":"","overlay-gradient":""},"tablet":{"background-color":"var(--ast-global-color-5)","background-image":"","background-repeat":"repeat","background-position":"center center","background-size":"auto","background-attachment":"scroll","background-type":"","background-media":"","overlay-type":"","overlay-color":"","overlay-opacity":"","overlay-gradient":""},"mobile":{"background-color":"var(--ast-global-color-5)","background-image":"","background-repeat":"repeat","background-position":"center center","background-size":"auto","background-attachment":"scroll","background-type":"","background-media":"","overlay-type":"","overlay-color":"","overlay-opacity":"","overlay-gradient":""}},"footnotes":""},"class_list":["post-8588","page","type-page","status-publish","hentry"],"_links":{"self":[{"href":"https:\/\/kyrkekvarn.com\/english\/wp-json\/wp\/v2\/pages\/8588","targetHints":{"allow":["GET"]}}],"collection":[{"href":"https:\/\/kyrkekvarn.com\/english\/wp-json\/wp\/v2\/pages"}],"about":[{"href":"https:\/\/kyrkekvarn.com\/english\/wp-json\/wp\/v2\/types\/page"}],"author":[{"embeddable":true,"href":"https:\/\/kyrkekvarn.com\/english\/wp-json\/wp\/v2\/users\/2"}],"replies":[{"embeddable":true,"href":"https:\/\/kyrkekvarn.com\/english\/wp-json\/wp\/v2\/comments?post=8588"}],"version-history":[{"count":5,"href":"https:\/\/kyrkekvarn.com\/english\/wp-json\/wp\/v2\/pages\/8588\/revisions"}],"predecessor-version":[{"id":8598,"href":"https:\/\/kyrkekvarn.com\/english\/wp-json\/wp\/v2\/pages\/8588\/revisions\/8598"}],"wp:attachment":[{"href":"https:\/\/kyrkekvarn.com\/english\/wp-json\/wp\/v2\/media?parent=8588"}],"curies":[{"name":"wp","href":"https:\/\/api.w.org\/{rel}","templated":true}]}}