{"id":8599,"date":"2026-04-15T16:15:47","date_gmt":"2026-04-15T14:15:47","guid":{"rendered":"https:\/\/kyrkekvarn.com\/english\/?page_id=8599"},"modified":"2026-04-15T18:25:55","modified_gmt":"2026-04-15T16:25:55","slug":"hastpaket","status":"publish","type":"page","link":"https:\/\/kyrkekvarn.com\/english\/hastpaket\/","title":{"rendered":"H\u00e4stpaket"},"content":{"rendered":"\t\t<div data-elementor-type=\"wp-page\" data-elementor-id=\"8599\" class=\"elementor elementor-8599\">\n\t\t\t\t<div class=\"elementor-element elementor-element-dcc3da0 e-flex e-con-boxed e-con e-parent\" data-id=\"dcc3da0\" data-element_type=\"container\" data-e-type=\"container\" data-settings=\"{&quot;background_background&quot;:&quot;classic&quot;}\">\n\t\t\t\t\t<div class=\"e-con-inner\">\n\t\t<div class=\"elementor-element elementor-element-5d6edd5 e-con-full e-flex e-con e-child\" data-id=\"5d6edd5\" data-element_type=\"container\" data-e-type=\"container\">\n\t\t\t\t<div class=\"elementor-element elementor-element-5c0a7dc elementor-widget elementor-widget-heading\" data-id=\"5c0a7dc\" data-element_type=\"widget\" data-e-type=\"widget\" data-widget_type=\"heading.default\">\n\t\t\t\t<div class=\"elementor-widget-container\">\n\t\t\t\t\t<h1 class=\"elementor-heading-title elementor-size-default\">H\u00e4stpaket<\/h1>\t\t\t\t<\/div>\n\t\t\t\t<\/div>\n\t\t\t\t<div class=\"elementor-element elementor-element-a89c605 elementor-align-center elementor-widget elementor-widget-button\" data-id=\"a89c605\" data-element_type=\"widget\" data-e-type=\"widget\" data-widget_type=\"button.default\">\n\t\t\t\t<div class=\"elementor-widget-container\">\n\t\t\t\t\t\t\t\t\t<div class=\"elementor-button-wrapper\">\n\t\t\t\t\t<a class=\"elementor-button elementor-button-link elementor-size-sm\" href=\"https:\/\/dividoit.se\/kyrkekvarn\/bokning\/\">\n\t\t\t\t\t\t<span class=\"elementor-button-content-wrapper\">\n\t\t\t\t\t\t\t\t\t<span class=\"elementor-button-text\">BOKA ONLINE<\/span>\n\t\t\t\t\t<\/span>\n\t\t\t\t\t<\/a>\n\t\t\t\t<\/div>\n\t\t\t\t\t\t\t\t<\/div>\n\t\t\t\t<\/div>\n\t\t\t\t<\/div>\n\t\t\t\t\t<\/div>\n\t\t\t\t<\/div>\n\t\t<div class=\"elementor-element elementor-element-96e4d89 e-flex e-con-boxed e-con e-parent\" data-id=\"96e4d89\" data-element_type=\"container\" data-e-type=\"container\">\n\t\t\t\t\t<div class=\"e-con-inner\">\n\t\t\t\t<div class=\"elementor-element elementor-element-11ca14a elementor-widget elementor-widget-spacer\" data-id=\"11ca14a\" data-element_type=\"widget\" data-e-type=\"widget\" data-widget_type=\"spacer.default\">\n\t\t\t\t<div class=\"elementor-widget-container\">\n\t\t\t\t\t\t\t<div class=\"elementor-spacer\">\n\t\t\t<div class=\"elementor-spacer-inner\"><\/div>\n\t\t<\/div>\n\t\t\t\t\t\t<\/div>\n\t\t\t\t<\/div>\n\t\t\t\t\t<\/div>\n\t\t\t\t<\/div>\n\t\t<div class=\"elementor-element elementor-element-4889bcf e-flex e-con-boxed e-con e-parent\" data-id=\"4889bcf\" data-element_type=\"container\" data-e-type=\"container\">\n\t\t\t\t\t<div class=\"e-con-inner\">\n\t\t\t\t<div class=\"elementor-element elementor-element-d953fe8 elementor-widget elementor-widget-heading\" data-id=\"d953fe8\" data-element_type=\"widget\" data-e-type=\"widget\" data-widget_type=\"heading.default\">\n\t\t\t\t<div class=\"elementor-widget-container\">\n\t\t\t\t\t<h2 class=\"elementor-heading-title elementor-size-default\">Stughotell &amp; Turridning<\/h2>\t\t\t\t<\/div>\n\t\t\t\t<\/div>\n\t\t\t\t\t<\/div>\n\t\t\t\t<\/div>\n\t\t<div class=\"elementor-element elementor-element-fe5b4d4 e-flex e-con-boxed e-con e-parent\" data-id=\"fe5b4d4\" data-element_type=\"container\" data-e-type=\"container\">\n\t\t\t\t\t<div class=\"e-con-inner\">\n\t\t\t\t<div class=\"elementor-element elementor-element-23a69e6 elementor-widget elementor-widget-text-editor\" data-id=\"23a69e6\" data-element_type=\"widget\" data-e-type=\"widget\" data-widget_type=\"text-editor.default\">\n\t\t\t\t<div class=\"elementor-widget-container\">\n\t\t\t\t\t\t\t\t\t<p>Fly vardagen och bo en natt i egen stuga med hotellservice; b\u00e4ddade s\u00e4ngar, st\u00e4dning och helpension ing\u00e5r.<\/p><p><strong>1 DYGN: 1.650:-\/person<\/strong>, bokas f\u00f6r minst sex\u00a0personer.<br \/><img decoding=\"async\" class=\"emoji\" role=\"img\" draggable=\"false\" src=\"https:\/\/s.w.org\/images\/core\/emoji\/15.0.3\/svg\/25aa.svg\" alt=\"\u25aa\" title=\"H\u00e4stpaket\">\u00a02-timmars turridning med fika<br \/><img decoding=\"async\" class=\"emoji\" role=\"img\" draggable=\"false\" src=\"https:\/\/s.w.org\/images\/core\/emoji\/15.0.3\/svg\/25aa.svg\" alt=\"\u25aa\" title=\"H\u00e4stpaket\">\u00a0Boende en natt i stuga.<br \/><img decoding=\"async\" class=\"emoji\" role=\"img\" draggable=\"false\" src=\"https:\/\/s.w.org\/images\/core\/emoji\/15.0.3\/svg\/25aa.svg\" alt=\"\u25aa\" title=\"H\u00e4stpaket\">\u00a0Grillbuff\u00e9 Orginal p\u00e5 kv\u00e4llen som ni grillar sj\u00e4lva och frukost.<br \/><img decoding=\"async\" class=\"emoji\" role=\"img\" draggable=\"false\" src=\"https:\/\/s.w.org\/images\/core\/emoji\/15.0.3\/svg\/25aa.svg\" alt=\"\u25aa\" title=\"H\u00e4stpaket\">\u00a0Uppv\u00e4rmd badtunna direkt vid huset uppv\u00e4rmd och badklar.<br \/><strong>Kan bokas i perioden maj-juni och augusti-oktober<\/strong><\/p><p><strong>2 DYGN: 2.150:-\/person<\/strong>, bokas f\u00f6r minst sex\u00a0personer.<br \/><img decoding=\"async\" class=\"emoji\" role=\"img\" draggable=\"false\" src=\"https:\/\/s.w.org\/images\/core\/emoji\/15.0.3\/svg\/25aa.svg\" alt=\"\u25aa\" title=\"H\u00e4stpaket\">\u00a04-timmars l\u00e5ngritt med lunch<br \/><img decoding=\"async\" class=\"emoji\" role=\"img\" draggable=\"false\" src=\"https:\/\/s.w.org\/images\/core\/emoji\/15.0.3\/svg\/25aa.svg\" alt=\"\u25aa\" title=\"H\u00e4stpaket\">\u00a0Boende tv\u00e5 n\u00e4tter i stuga och tv\u00e5 frukostar.<br \/><img decoding=\"async\" class=\"emoji\" role=\"img\" draggable=\"false\" src=\"https:\/\/s.w.org\/images\/core\/emoji\/15.0.3\/svg\/25aa.svg\" alt=\"\u25aa\" title=\"H\u00e4stpaket\">\u00a0Grillbuff\u00e9 (paket c) p\u00e5 kv\u00e4llen som ni grillar sj\u00e4lva.<br \/><img decoding=\"async\" class=\"emoji\" role=\"img\" draggable=\"false\" src=\"https:\/\/s.w.org\/images\/core\/emoji\/15.0.3\/svg\/25aa.svg\" alt=\"\u25aa\" title=\"H\u00e4stpaket\">\u00a0Uppv\u00e4rmd badtunna direkt vid huset uppv\u00e4rmd och badklar.<br \/><strong>Kan bokas i perioden maj-juni och augusti-september<\/strong><\/p>\t\t\t\t\t\t\t\t<\/div>\n\t\t\t\t<\/div>\n\t\t\t\t\t<\/div>\n\t\t\t\t<\/div>\n\t\t<div class=\"elementor-element elementor-element-9b4dbdd e-flex e-con-boxed e-con e-parent\" data-id=\"9b4dbdd\" data-element_type=\"container\" data-e-type=\"container\">\n\t\t\t\t\t<div class=\"e-con-inner\">\n\t\t\t\t<div class=\"elementor-element elementor-element-55dac9f elementor-widget elementor-widget-heading\" data-id=\"55dac9f\" data-element_type=\"widget\" data-e-type=\"widget\" data-widget_type=\"heading.default\">\n\t\t\t\t<div class=\"elementor-widget-container\">\n\t\t\t\t\t<h2 class=\"elementor-heading-title elementor-size-default\">Stughotell &amp; Novemberritt<\/h2>\t\t\t\t<\/div>\n\t\t\t\t<\/div>\n\t\t\t\t\t<\/div>\n\t\t\t\t<\/div>\n\t\t<div class=\"elementor-element elementor-element-009043e e-flex e-con-boxed e-con e-parent\" data-id=\"009043e\" data-element_type=\"container\" data-e-type=\"container\">\n\t\t\t\t\t<div class=\"e-con-inner\">\n\t\t\t\t<div class=\"elementor-element elementor-element-4e7972a elementor-widget elementor-widget-text-editor\" data-id=\"4e7972a\" data-element_type=\"widget\" data-e-type=\"widget\" data-widget_type=\"text-editor.default\">\n\t\t\t\t<div class=\"elementor-widget-container\">\n\t\t\t\t\t\t\t\t\t<p>Pigga upp dig i h\u00f6stm\u00f6rkret (under november) med att bo en natt i egen stuga med hotellservice; b\u00e4ddade s\u00e4ngar, st\u00e4dning.<br \/><strong><br \/>Kan endast bokas f\u00f6r november m\u00e5nad.<\/strong><\/p><p><strong>1 DYGN: 1.750:-\/person<\/strong>, bokas f\u00f6r minst sex pers.<br \/><img decoding=\"async\" class=\"emoji\" role=\"img\" draggable=\"false\" src=\"https:\/\/s.w.org\/images\/core\/emoji\/15.0.3\/svg\/25aa.svg\" alt=\"\u25aa\" title=\"H\u00e4stpaket\">\u00a04-timmars novemberritt med viltgryta<br \/><img decoding=\"async\" class=\"emoji\" role=\"img\" draggable=\"false\" src=\"https:\/\/s.w.org\/images\/core\/emoji\/15.0.3\/svg\/25aa.svg\" alt=\"\u25aa\" title=\"H\u00e4stpaket\">\u00a0Boende en natt i stuga.<br \/><img decoding=\"async\" class=\"emoji\" role=\"img\" draggable=\"false\" src=\"https:\/\/s.w.org\/images\/core\/emoji\/15.0.3\/svg\/25aa.svg\" alt=\"\u25aa\" title=\"H\u00e4stpaket\">\u00a0Frukost p\u00e5 morgonen.<br \/><img decoding=\"async\" class=\"emoji\" role=\"img\" draggable=\"false\" src=\"https:\/\/s.w.org\/images\/core\/emoji\/15.0.3\/svg\/25aa.svg\" alt=\"\u25aa\" title=\"H\u00e4stpaket\">\u00a0Uppv\u00e4rmd badtunna direkt vid huset uppv\u00e4rmd och badklar.<\/p><p><strong>2 DYGN: 2.250:-\/person<\/strong>, bokas f\u00f6r minst sex pers.<br \/><img decoding=\"async\" class=\"emoji\" role=\"img\" draggable=\"false\" src=\"https:\/\/s.w.org\/images\/core\/emoji\/15.0.3\/svg\/25aa.svg\" alt=\"\u25aa\" title=\"H\u00e4stpaket\">\u00a04-timmars novemberritt med viltgryta.<br \/><img decoding=\"async\" class=\"emoji\" role=\"img\" draggable=\"false\" src=\"https:\/\/s.w.org\/images\/core\/emoji\/15.0.3\/svg\/25aa.svg\" alt=\"\u25aa\" title=\"H\u00e4stpaket\">\u00a0Boende tv\u00e5 n\u00e4tter i stuga och tv\u00e5 frukostar.<br \/><img decoding=\"async\" class=\"emoji\" role=\"img\" draggable=\"false\" src=\"https:\/\/s.w.org\/images\/core\/emoji\/15.0.3\/svg\/25aa.svg\" alt=\"\u25aa\" title=\"H\u00e4stpaket\">\u00a0Uppv\u00e4rmd badtunna direkt vid huset uppv\u00e4rmd och badklar.<\/p>\t\t\t\t\t\t\t\t<\/div>\n\t\t\t\t<\/div>\n\t\t\t\t\t<\/div>\n\t\t\t\t<\/div>\n\t\t<div class=\"elementor-element elementor-element-7582a40 e-flex e-con-boxed e-con e-parent\" data-id=\"7582a40\" data-element_type=\"container\" data-e-type=\"container\">\n\t\t\t\t\t<div class=\"e-con-inner\">\n\t\t\t\t<div class=\"elementor-element elementor-element-9ac4bed elementor-widget elementor-widget-heading\" data-id=\"9ac4bed\" data-element_type=\"widget\" data-e-type=\"widget\" data-widget_type=\"heading.default\">\n\t\t\t\t<div class=\"elementor-widget-container\">\n\t\t\t\t\t<h2 class=\"elementor-heading-title elementor-size-default\">Stughotell &amp; Turridnung - December till April<\/h2>\t\t\t\t<\/div>\n\t\t\t\t<\/div>\n\t\t\t\t\t<\/div>\n\t\t\t\t<\/div>\n\t\t<div class=\"elementor-element elementor-element-55e97f2 e-flex e-con-boxed e-con e-parent\" data-id=\"55e97f2\" data-element_type=\"container\" data-e-type=\"container\">\n\t\t\t\t\t<div class=\"e-con-inner\">\n\t\t\t\t<div class=\"elementor-element elementor-element-f75fe98 elementor-widget elementor-widget-text-editor\" data-id=\"f75fe98\" data-element_type=\"widget\" data-e-type=\"widget\" data-widget_type=\"text-editor.default\">\n\t\t\t\t<div class=\"elementor-widget-container\">\n\t\t\t\t\t\t\t\t\t<p>Fly vardagen och bo en natt i egen stuga med hotellservice; b\u00e4ddade s\u00e4ngar, st\u00e4dning och helpension ing\u00e5r.<\/p><p><strong>1 DYGN: 1.750:-\/person<\/strong>, bokas f\u00f6r minst sex\u00a0personer.<br \/><img decoding=\"async\" class=\"emoji\" role=\"img\" draggable=\"false\" src=\"https:\/\/s.w.org\/images\/core\/emoji\/15.0.3\/svg\/25aa.svg\" alt=\"\u25aa\" title=\"H\u00e4stpaket\">\u00a02-timmars turridning med fika<br \/><img decoding=\"async\" class=\"emoji\" role=\"img\" draggable=\"false\" src=\"https:\/\/s.w.org\/images\/core\/emoji\/15.0.3\/svg\/25aa.svg\" alt=\"\u25aa\" title=\"H\u00e4stpaket\">\u00a0Boende en natt i stuga.<br \/><img decoding=\"async\" class=\"emoji\" role=\"img\" draggable=\"false\" src=\"https:\/\/s.w.org\/images\/core\/emoji\/15.0.3\/svg\/25aa.svg\" alt=\"\u25aa\" title=\"H\u00e4stpaket\">\u00a0Vi st\u00e4ller in en Favoritplanka som ni kan \u00e4ta p\u00e5 kv\u00e4llen och frukost f\u00f6r dag 2.<br \/><img decoding=\"async\" class=\"emoji\" role=\"img\" draggable=\"false\" src=\"https:\/\/s.w.org\/images\/core\/emoji\/15.0.3\/svg\/25aa.svg\" alt=\"\u25aa\" title=\"H\u00e4stpaket\">\u00a0Uppv\u00e4rmd badtunna direkt vid huset uppv\u00e4rmd och badklar.<br \/><strong>Kan bokas i perioden december-april<\/strong><\/p>\t\t\t\t\t\t\t\t<\/div>\n\t\t\t\t<\/div>\n\t\t\t\t\t<\/div>\n\t\t\t\t<\/div>\n\t\t<div class=\"elementor-element elementor-element-20d7848 e-flex e-con-boxed e-con e-parent\" data-id=\"20d7848\" data-element_type=\"container\" data-e-type=\"container\">\n\t\t\t\t\t<div class=\"e-con-inner\">\n\t\t\t\t<div class=\"elementor-element elementor-element-842cd4b elementor-widget elementor-widget-heading\" data-id=\"842cd4b\" data-element_type=\"widget\" data-e-type=\"widget\" data-widget_type=\"heading.default\">\n\t\t\t\t<div class=\"elementor-widget-container\">\n\t\t\t\t\t<h2 class=\"elementor-heading-title elementor-size-default\">Turridning &amp; Stuga<\/h2>\t\t\t\t<\/div>\n\t\t\t\t<\/div>\n\t\t\t\t\t<\/div>\n\t\t\t\t<\/div>\n\t\t<div class=\"elementor-element elementor-element-868317e e-flex e-con-boxed e-con e-parent\" data-id=\"868317e\" data-element_type=\"container\" data-e-type=\"container\">\n\t\t\t\t\t<div class=\"e-con-inner\">\n\t\t\t\t<div class=\"elementor-element elementor-element-399a90d elementor-widget elementor-widget-text-editor\" data-id=\"399a90d\" data-element_type=\"widget\" data-e-type=\"widget\" data-widget_type=\"text-editor.default\">\n\t\t\t\t<div class=\"elementor-widget-container\">\n\t\t\t\t\t\t\t\t\t<p>Bo i stuga med TV, dusch\/wc, k\u00f6k och ett eller flera sovrum.<br \/>M\u00e5nga stugor har bastu och \u00f6ppen spis.<br \/><strong><br \/>Detta erbjudande g\u00e4ller i perioden 1\/4-21\/6 och 28\/8-30\/9<\/strong><\/p><p>Detta ing\u00e5r:<br \/><img decoding=\"async\" class=\"emoji\" role=\"img\" draggable=\"false\" src=\"https:\/\/s.w.org\/images\/core\/emoji\/15.0.3\/svg\/25aa.svg\" alt=\"\u25aa\" title=\"H\u00e4stpaket\">\u00a02-timmars turridning med fika.<br \/><img decoding=\"async\" class=\"emoji\" role=\"img\" draggable=\"false\" src=\"https:\/\/s.w.org\/images\/core\/emoji\/15.0.3\/svg\/25aa.svg\" alt=\"\u25aa\" title=\"H\u00e4stpaket\">\u00a0Boende en natt i stuga med sj\u00e4lvhush\u00e5ll.<\/p><p>Bokas f\u00f6r minst tv\u00e5 personer. Ospecificerad stuga.<br \/><strong>1250:-\/person<\/strong><\/p><p><strong>Till\u00e4gg f\u00f6r stuga med bastu och \u00f6ppen spis:<\/strong><br \/><strong>400:-\/stuga<\/strong><\/p>\t\t\t\t\t\t\t\t<\/div>\n\t\t\t\t<\/div>\n\t\t\t\t\t<\/div>\n\t\t\t\t<\/div>\n\t\t<div class=\"elementor-element elementor-element-4525746 e-flex e-con-boxed e-con e-parent\" data-id=\"4525746\" data-element_type=\"container\" data-e-type=\"container\">\n\t\t\t\t\t<div class=\"e-con-inner\">\n\t\t\t\t<div class=\"elementor-element elementor-element-2cdcac3 elementor-widget elementor-widget-spacer\" data-id=\"2cdcac3\" data-element_type=\"widget\" data-e-type=\"widget\" data-widget_type=\"spacer.default\">\n\t\t\t\t<div class=\"elementor-widget-container\">\n\t\t\t\t\t\t\t<div class=\"elementor-spacer\">\n\t\t\t<div class=\"elementor-spacer-inner\"><\/div>\n\t\t<\/div>\n\t\t\t\t\t\t<\/div>\n\t\t\t\t<\/div>\n\t\t\t\t\t<\/div>\n\t\t\t\t<\/div>\n\t\t<div class=\"elementor-element elementor-element-dcd46c6 e-flex e-con-boxed e-con e-parent\" data-id=\"dcd46c6\" data-element_type=\"container\" data-e-type=\"container\" data-settings=\"{&quot;background_background&quot;:&quot;classic&quot;}\">\n\t\t\t\t\t<div class=\"e-con-inner\">\n\t\t<div class=\"elementor-element elementor-element-0ad1b8b e-flex e-con-boxed e-con e-child\" data-id=\"0ad1b8b\" data-element_type=\"container\" data-e-type=\"container\">\n\t\t\t\t\t<div class=\"e-con-inner\">\n\t\t\t\t<div class=\"elementor-element elementor-element-cdee853 elementor-widget__width-initial elementor-widget elementor-widget-hfe-infocard\" data-id=\"cdee853\" data-element_type=\"widget\" data-e-type=\"widget\" data-widget_type=\"hfe-infocard.default\">\n\t\t\t\t<div class=\"elementor-widget-container\">\n\t\t\t\t\t\n\t\t<div class=\"hfe-infocard\">\n\t\t\t\t\t\t\t\t\t<div class=\"hfe-infocard-title-wrap\">\n\t\t\t\t<h1 class=\"hfe-infocard-title elementor-inline-editing\" data-elementor-setting-key=\"infocard_title\" data-elementor-inline-editing-toolbar=\"basic\" >Vanliga fr\u00e5gor<\/h1>\t\t\t<\/div>\n\t\t\t\t\t\t<div class=\"hfe-infocard-text-wrap\">\n\t\t\t\t<div class=\"hfe-infocard-text elementor-inline-editing\" data-elementor-setting-key=\"infocard_description\" data-elementor-inline-editing-toolbar=\"advanced\">\n\t\t\t\t\tHar du n\u00e5gra fr\u00e5gor? Vi \u00e4r alltid \u00f6ppna f\u00f6r att prata om ditt f\u00f6retag, nya projekt, kreativa m\u00f6jligheter och hur vi kan hj\u00e4lpa dig.\t\t\t\t<\/div>\n\t\t\t\t\t\t\t<\/div>\n\t\t<\/div>\n\n\t\t\t\t\t\t<\/div>\n\t\t\t\t<\/div>\n\t\t\t\t<div class=\"elementor-element elementor-element-288084a elementor-align-center elementor-widget elementor-widget-button\" data-id=\"288084a\" data-element_type=\"widget\" data-e-type=\"widget\" data-widget_type=\"button.default\">\n\t\t\t\t<div class=\"elementor-widget-container\">\n\t\t\t\t\t\t\t\t\t<div class=\"elementor-button-wrapper\">\n\t\t\t\t\t<a class=\"elementor-button elementor-button-link elementor-size-sm\" href=\"https:\/\/kyrkekvarn.com\/english\/faq-islandshastarturridning\/\">\n\t\t\t\t\t\t<span class=\"elementor-button-content-wrapper\">\n\t\t\t\t\t\t\t\t\t<span class=\"elementor-button-text\">FAQ<\/span>\n\t\t\t\t\t<\/span>\n\t\t\t\t\t<\/a>\n\t\t\t\t<\/div>\n\t\t\t\t\t\t\t\t<\/div>\n\t\t\t\t<\/div>\n\t\t\t\t\t<\/div>\n\t\t\t\t<\/div>\n\t\t\t\t\t<\/div>\n\t\t\t\t<\/div>\n\t\t<div class=\"elementor-element elementor-element-cbdf59d e-flex e-con-boxed e-con e-parent\" data-id=\"cbdf59d\" data-element_type=\"container\" data-e-type=\"container\">\n\t\t\t\t\t<div class=\"e-con-inner\">\n\t\t\t\t<div class=\"elementor-element elementor-element-05f777d elementor-widget elementor-widget-spacer\" data-id=\"05f777d\" data-element_type=\"widget\" data-e-type=\"widget\" data-widget_type=\"spacer.default\">\n\t\t\t\t<div class=\"elementor-widget-container\">\n\t\t\t\t\t\t\t<div class=\"elementor-spacer\">\n\t\t\t<div class=\"elementor-spacer-inner\"><\/div>\n\t\t<\/div>\n\t\t\t\t\t\t<\/div>\n\t\t\t\t<\/div>\n\t\t\t\t\t<\/div>\n\t\t\t\t<\/div>\n\t\t\t\t<\/div>\n\t\t","protected":false},"excerpt":{"rendered":"<p>H\u00e4stpaket BOKA ONLINE Stughotell &amp; Turridning Fly vardagen och bo en natt i egen stuga med hotellservice; b\u00e4ddade s\u00e4ngar, st\u00e4dning och helpension ing\u00e5r. 1 DYGN: 1.650:-\/person, bokas f\u00f6r minst sex\u00a0personer.\u00a02-timmars turridning med fika\u00a0Boende en natt i stuga.\u00a0Grillbuff\u00e9 Orginal p\u00e5 kv\u00e4llen som ni grillar sj\u00e4lva och frukost.\u00a0Uppv\u00e4rmd badtunna direkt vid huset uppv\u00e4rmd och badklar.Kan bokas i [&hellip;]<\/p>\n","protected":false},"author":2,"featured_media":0,"parent":0,"menu_order":0,"comment_status":"closed","ping_status":"closed","template":"","meta":{"_monsterinsights_skip_tracking":false,"_monsterinsights_sitenote_active":false,"_monsterinsights_sitenote_note":"","_monsterinsights_sitenote_category":0,"site-sidebar-layout":"no-sidebar","site-content-layout":"page-builder","ast-site-content-layout":"full-width-container","site-content-style":"unboxed","site-sidebar-style":"unboxed","ast-global-header-display":"","ast-banner-title-visibility":"","ast-main-header-display":"","ast-hfb-above-header-display":"","ast-hfb-below-header-display":"","ast-hfb-mobile-header-display":"","site-post-title":"disabled","ast-breadcrumbs-content":"","ast-featured-img":"disabled","footer-sml-layout":"","ast-disable-related-posts":"","theme-transparent-header-meta":"enabled","adv-header-id-meta":"","stick-header-meta":"","header-above-stick-meta":"","header-main-stick-meta":"","header-below-stick-meta":"","astra-migrate-meta-layouts":"set","ast-page-background-enabled":"default","ast-page-background-meta":{"desktop":{"background-color":"var(--ast-global-color-4)","background-image":"","background-repeat":"repeat","background-position":"center center","background-size":"auto","background-attachment":"scroll","background-type":"","background-media":"","overlay-type":"","overlay-color":"","overlay-opacity":"","overlay-gradient":""},"tablet":{"background-color":"","background-image":"","background-repeat":"repeat","background-position":"center center","background-size":"auto","background-attachment":"scroll","background-type":"","background-media":"","overlay-type":"","overlay-color":"","overlay-opacity":"","overlay-gradient":""},"mobile":{"background-color":"","background-image":"","background-repeat":"repeat","background-position":"center center","background-size":"auto","background-attachment":"scroll","background-type":"","background-media":"","overlay-type":"","overlay-color":"","overlay-opacity":"","overlay-gradient":""}},"ast-content-background-meta":{"desktop":{"background-color":"var(--ast-global-color-5)","background-image":"","background-repeat":"repeat","background-position":"center center","background-size":"auto","background-attachment":"scroll","background-type":"","background-media":"","overlay-type":"","overlay-color":"","overlay-opacity":"","overlay-gradient":""},"tablet":{"background-color":"var(--ast-global-color-5)","background-image":"","background-repeat":"repeat","background-position":"center center","background-size":"auto","background-attachment":"scroll","background-type":"","background-media":"","overlay-type":"","overlay-color":"","overlay-opacity":"","overlay-gradient":""},"mobile":{"background-color":"var(--ast-global-color-5)","background-image":"","background-repeat":"repeat","background-position":"center center","background-size":"auto","background-attachment":"scroll","background-type":"","background-media":"","overlay-type":"","overlay-color":"","overlay-opacity":"","overlay-gradient":""}},"footnotes":""},"class_list":["post-8599","page","type-page","status-publish","hentry"],"_links":{"self":[{"href":"https:\/\/kyrkekvarn.com\/english\/wp-json\/wp\/v2\/pages\/8599","targetHints":{"allow":["GET"]}}],"collection":[{"href":"https:\/\/kyrkekvarn.com\/english\/wp-json\/wp\/v2\/pages"}],"about":[{"href":"https:\/\/kyrkekvarn.com\/english\/wp-json\/wp\/v2\/types\/page"}],"author":[{"embeddable":true,"href":"https:\/\/kyrkekvarn.com\/english\/wp-json\/wp\/v2\/users\/2"}],"replies":[{"embeddable":true,"href":"https:\/\/kyrkekvarn.com\/english\/wp-json\/wp\/v2\/comments?post=8599"}],"version-history":[{"count":11,"href":"https:\/\/kyrkekvarn.com\/english\/wp-json\/wp\/v2\/pages\/8599\/revisions"}],"predecessor-version":[{"id":8638,"href":"https:\/\/kyrkekvarn.com\/english\/wp-json\/wp\/v2\/pages\/8599\/revisions\/8638"}],"wp:attachment":[{"href":"https:\/\/kyrkekvarn.com\/english\/wp-json\/wp\/v2\/media?parent=8599"}],"curies":[{"name":"wp","href":"https:\/\/api.w.org\/{rel}","templated":true}]}}