{"id":8612,"date":"2026-04-15T16:29:56","date_gmt":"2026-04-15T14:29:56","guid":{"rendered":"https:\/\/kyrkekvarn.com\/english\/?page_id=8612"},"modified":"2026-04-15T16:39:16","modified_gmt":"2026-04-15T14:39:16","slug":"proovaparidning","status":"publish","type":"page","link":"https:\/\/kyrkekvarn.com\/english\/proovaparidning\/","title":{"rendered":"Proovaparidning"},"content":{"rendered":"\t\t<div data-elementor-type=\"wp-page\" data-elementor-id=\"8612\" class=\"elementor elementor-8612\">\n\t\t\t\t<div class=\"elementor-element elementor-element-3a47537 e-flex e-con-boxed e-con e-parent\" data-id=\"3a47537\" data-element_type=\"container\" data-e-type=\"container\" data-settings=\"{&quot;background_background&quot;:&quot;classic&quot;}\">\n\t\t\t\t\t<div class=\"e-con-inner\">\n\t\t<div class=\"elementor-element elementor-element-8c55b8b e-con-full e-flex e-con e-child\" data-id=\"8c55b8b\" data-element_type=\"container\" data-e-type=\"container\">\n\t\t\t\t<div class=\"elementor-element elementor-element-c92d5f1 elementor-widget elementor-widget-heading\" data-id=\"c92d5f1\" data-element_type=\"widget\" data-e-type=\"widget\" data-widget_type=\"heading.default\">\n\t\t\t\t<div class=\"elementor-widget-container\">\n\t\t\t\t\t<h1 class=\"elementor-heading-title elementor-size-default\">Prova-p\u00e5-ridning<\/h1>\t\t\t\t<\/div>\n\t\t\t\t<\/div>\n\t\t\t\t<div class=\"elementor-element elementor-element-b20ef67 elementor-align-center elementor-widget elementor-widget-button\" data-id=\"b20ef67\" data-element_type=\"widget\" data-e-type=\"widget\" data-widget_type=\"button.default\">\n\t\t\t\t<div class=\"elementor-widget-container\">\n\t\t\t\t\t\t\t\t\t<div class=\"elementor-button-wrapper\">\n\t\t\t\t\t<a class=\"elementor-button elementor-button-link elementor-size-sm\" href=\"https:\/\/dividoit.se\/kyrkekvarn\/bokning\/\">\n\t\t\t\t\t\t<span class=\"elementor-button-content-wrapper\">\n\t\t\t\t\t\t\t\t\t<span class=\"elementor-button-text\">BOKA ONLINE<\/span>\n\t\t\t\t\t<\/span>\n\t\t\t\t\t<\/a>\n\t\t\t\t<\/div>\n\t\t\t\t\t\t\t\t<\/div>\n\t\t\t\t<\/div>\n\t\t\t\t<\/div>\n\t\t\t\t\t<\/div>\n\t\t\t\t<\/div>\n\t\t<div class=\"elementor-element elementor-element-041851d e-flex e-con-boxed e-con e-parent\" data-id=\"041851d\" data-element_type=\"container\" data-e-type=\"container\">\n\t\t\t\t\t<div class=\"e-con-inner\">\n\t\t\t\t<div class=\"elementor-element elementor-element-d6cd57a elementor-widget elementor-widget-spacer\" data-id=\"d6cd57a\" data-element_type=\"widget\" data-e-type=\"widget\" data-widget_type=\"spacer.default\">\n\t\t\t\t<div class=\"elementor-widget-container\">\n\t\t\t\t\t\t\t<div class=\"elementor-spacer\">\n\t\t\t<div class=\"elementor-spacer-inner\"><\/div>\n\t\t<\/div>\n\t\t\t\t\t\t<\/div>\n\t\t\t\t<\/div>\n\t\t\t\t\t<\/div>\n\t\t\t\t<\/div>\n\t\t<div class=\"elementor-element elementor-element-ea9bbc4 e-flex e-con-boxed e-con e-parent\" data-id=\"ea9bbc4\" data-element_type=\"container\" data-e-type=\"container\">\n\t\t\t\t\t<div class=\"e-con-inner\">\n\t\t\t\t<div class=\"elementor-element elementor-element-f108bc7 elementor-widget elementor-widget-heading\" data-id=\"f108bc7\" data-element_type=\"widget\" data-e-type=\"widget\" data-widget_type=\"heading.default\">\n\t\t\t\t<div class=\"elementor-widget-container\">\n\t\t\t\t\t<h2 class=\"elementor-heading-title elementor-size-default\">Prova-p\u00e5-ridning Kyrkekvarn Islandsh\u00e4star<\/h2>\t\t\t\t<\/div>\n\t\t\t\t<\/div>\n\t\t\t\t\t<\/div>\n\t\t\t\t<\/div>\n\t\t<div class=\"elementor-element elementor-element-53b4ee8 e-flex e-con-boxed e-con e-parent\" data-id=\"53b4ee8\" data-element_type=\"container\" data-e-type=\"container\">\n\t\t\t\t\t<div class=\"e-con-inner\">\n\t\t\t\t<div class=\"elementor-element elementor-element-709e899 elementor-widget elementor-widget-text-editor\" data-id=\"709e899\" data-element_type=\"widget\" data-e-type=\"widget\" data-widget_type=\"text-editor.default\">\n\t\t\t\t<div class=\"elementor-widget-container\">\n\t\t\t\t\t\t\t\t\t<p>Vill du l\u00e4ra dig att rida och sk\u00f6ta g\u00e5ngartsh\u00e4st men inte k\u00e4nner dig redo f\u00f6r en hel <br \/>termin p\u00e5 ridskola?<\/p><p>\u00a0<\/p><p>Tillsammans med v\u00e5ra islandsh\u00e4star l\u00e4r vi oss att rida och pyssla med h\u00e4sten p\u00e5 ett <br \/>s\u00e4kert och tryggt s\u00e4tt och f\u00e5 \u00f6kad kunskap om ridning, h\u00e4star och sk\u00f6tsel. Detta \u00e4r ett <br \/>tillf\u00e4lle f\u00f6r b\u00e5de barn och vuxna som vill prova p\u00e5 att rida och sk\u00f6ta islandsh\u00e4st. Det <br \/>passar dig som \u00e4r helt nyb\u00f6rjare eller som har viss vana vid ridning och h\u00e4sthantering. <br \/>Du kan boka in dig p\u00e5 enstaka eller flera tillf\u00e4llen. \u00c5ldersgr\u00e4ns: fr\u00e5n 6 \u00e5r.<\/p><p>\u00a0 <br \/>TID: <br \/>ONSDAGAR KL 18-19, 19-20 <br \/>TORSDAGAR KL 18-19, 19-20 <br \/>Du kommer till stallet 30 minuter innan f\u00f6r utprovning av hj\u00e4lm och genomg\u00e5ng. <br \/>Med start: 4 februari 2026 <br \/>Sista passet: 23 april 2026<\/p><p>\u00a0 <br \/>Hj\u00e4lm finns att l\u00e5na. <br \/>B\u00e4r o\u00f6mma och bekv\u00e4ma kl\u00e4der och skor med klack. Varma kl\u00e4der vintertid.<\/p><p>\u00a0 <br \/>T\u00e4nk p\u00e5 att barn som ska rida kan beh\u00f6va ha n\u00e5gon med sig som kan hj\u00e4lpa dem att n\u00e5 <br \/>upp och g\u00f6ra ordning h\u00e4sten och leda h\u00e4sten n\u00e4r de rider.<\/p><p>\u00a0 <br \/>Instrukt\u00f6rer: Cecilia Lind Eneskj\u00f6ld<\/p><p>\u00a0 <br \/>Pris: 400kr\/g\u00e5ng<\/p><p>\u00a0 <br \/>Bokning sker via mejl eller telefon. Betalning sker via digital betall\u00e4nk eller med <br \/>kort p\u00e5 plats.<\/p><p>\u00a0 <br \/>Mejladress: bokning@kyrkekvarn.com <br \/>Telefonnummer: 0738 \u2013 01 50 44<\/p><p>\u00a0 <br \/>Vi f\u00f6rbeh\u00e5ller oss r\u00e4tten att st\u00e4lla in\/ byta dag, vid f\u00f6r f\u00e5 anm\u00e4lda. Minimum 4 anm\u00e4lda.<\/p><p>\u00a0 <br \/>Varmt v\u00e4lkommen med din anm\u00e4lan!<\/p>\t\t\t\t\t\t\t\t<\/div>\n\t\t\t\t<\/div>\n\t\t\t\t\t<\/div>\n\t\t\t\t<\/div>\n\t\t<div class=\"elementor-element elementor-element-fadb79d e-flex e-con-boxed e-con e-parent\" data-id=\"fadb79d\" data-element_type=\"container\" data-e-type=\"container\">\n\t\t\t\t\t<div class=\"e-con-inner\">\n\t\t\t\t<div class=\"elementor-element elementor-element-c6c1217 elementor-widget elementor-widget-spacer\" data-id=\"c6c1217\" data-element_type=\"widget\" data-e-type=\"widget\" data-widget_type=\"spacer.default\">\n\t\t\t\t<div class=\"elementor-widget-container\">\n\t\t\t\t\t\t\t<div class=\"elementor-spacer\">\n\t\t\t<div class=\"elementor-spacer-inner\"><\/div>\n\t\t<\/div>\n\t\t\t\t\t\t<\/div>\n\t\t\t\t<\/div>\n\t\t\t\t\t<\/div>\n\t\t\t\t<\/div>\n\t\t<div class=\"elementor-element elementor-element-e3fa807 e-flex e-con-boxed e-con e-parent\" data-id=\"e3fa807\" data-element_type=\"container\" data-e-type=\"container\" data-settings=\"{&quot;background_background&quot;:&quot;classic&quot;}\">\n\t\t\t\t\t<div class=\"e-con-inner\">\n\t\t<div class=\"elementor-element elementor-element-67aea6a e-flex e-con-boxed e-con e-child\" data-id=\"67aea6a\" data-element_type=\"container\" data-e-type=\"container\">\n\t\t\t\t\t<div class=\"e-con-inner\">\n\t\t\t\t<div class=\"elementor-element elementor-element-4dd4c1c elementor-widget__width-initial elementor-widget elementor-widget-hfe-infocard\" data-id=\"4dd4c1c\" data-element_type=\"widget\" data-e-type=\"widget\" data-widget_type=\"hfe-infocard.default\">\n\t\t\t\t<div class=\"elementor-widget-container\">\n\t\t\t\t\t\n\t\t<div class=\"hfe-infocard\">\n\t\t\t\t\t\t\t\t\t<div class=\"hfe-infocard-title-wrap\">\n\t\t\t\t<h1 class=\"hfe-infocard-title elementor-inline-editing\" data-elementor-setting-key=\"infocard_title\" data-elementor-inline-editing-toolbar=\"basic\" >Vanliga fr\u00e5gor<\/h1>\t\t\t<\/div>\n\t\t\t\t\t\t<div class=\"hfe-infocard-text-wrap\">\n\t\t\t\t<div class=\"hfe-infocard-text elementor-inline-editing\" data-elementor-setting-key=\"infocard_description\" data-elementor-inline-editing-toolbar=\"advanced\">\n\t\t\t\t\tHar du n\u00e5gra fr\u00e5gor? Vi \u00e4r alltid \u00f6ppna f\u00f6r att prata om ditt f\u00f6retag, nya projekt, kreativa m\u00f6jligheter och hur vi kan hj\u00e4lpa dig.\t\t\t\t<\/div>\n\t\t\t\t\t\t\t<\/div>\n\t\t<\/div>\n\n\t\t\t\t\t\t<\/div>\n\t\t\t\t<\/div>\n\t\t\t\t<div class=\"elementor-element elementor-element-14192f2 elementor-align-center elementor-widget elementor-widget-button\" data-id=\"14192f2\" data-element_type=\"widget\" data-e-type=\"widget\" data-widget_type=\"button.default\">\n\t\t\t\t<div class=\"elementor-widget-container\">\n\t\t\t\t\t\t\t\t\t<div class=\"elementor-button-wrapper\">\n\t\t\t\t\t<a class=\"elementor-button elementor-button-link elementor-size-sm\" href=\"https:\/\/kyrkekvarn.com\/english\/faq-islandshastarturridning\/\">\n\t\t\t\t\t\t<span class=\"elementor-button-content-wrapper\">\n\t\t\t\t\t\t\t\t\t<span class=\"elementor-button-text\">FAQ<\/span>\n\t\t\t\t\t<\/span>\n\t\t\t\t\t<\/a>\n\t\t\t\t<\/div>\n\t\t\t\t\t\t\t\t<\/div>\n\t\t\t\t<\/div>\n\t\t\t\t\t<\/div>\n\t\t\t\t<\/div>\n\t\t\t\t\t<\/div>\n\t\t\t\t<\/div>\n\t\t<div class=\"elementor-element elementor-element-4215374 e-flex e-con-boxed e-con e-parent\" data-id=\"4215374\" data-element_type=\"container\" data-e-type=\"container\">\n\t\t\t\t\t<div class=\"e-con-inner\">\n\t\t\t\t<div class=\"elementor-element elementor-element-314651d elementor-widget elementor-widget-spacer\" data-id=\"314651d\" data-element_type=\"widget\" data-e-type=\"widget\" data-widget_type=\"spacer.default\">\n\t\t\t\t<div class=\"elementor-widget-container\">\n\t\t\t\t\t\t\t<div class=\"elementor-spacer\">\n\t\t\t<div class=\"elementor-spacer-inner\"><\/div>\n\t\t<\/div>\n\t\t\t\t\t\t<\/div>\n\t\t\t\t<\/div>\n\t\t\t\t\t<\/div>\n\t\t\t\t<\/div>\n\t\t\t\t<\/div>\n\t\t","protected":false},"excerpt":{"rendered":"<p>Prova-p\u00e5-ridning BOKA ONLINE Prova-p\u00e5-ridning Kyrkekvarn Islandsh\u00e4star Vill du l\u00e4ra dig att rida och sk\u00f6ta g\u00e5ngartsh\u00e4st men inte k\u00e4nner dig redo f\u00f6r en hel termin p\u00e5 ridskola? \u00a0 Tillsammans med v\u00e5ra islandsh\u00e4star l\u00e4r vi oss att rida och pyssla med h\u00e4sten p\u00e5 ett s\u00e4kert och tryggt s\u00e4tt och f\u00e5 \u00f6kad kunskap om ridning, h\u00e4star och sk\u00f6tsel. [&hellip;]<\/p>\n","protected":false},"author":2,"featured_media":0,"parent":0,"menu_order":0,"comment_status":"closed","ping_status":"closed","template":"","meta":{"_monsterinsights_skip_tracking":false,"_monsterinsights_sitenote_active":false,"_monsterinsights_sitenote_note":"","_monsterinsights_sitenote_category":0,"site-sidebar-layout":"no-sidebar","site-content-layout":"page-builder","ast-site-content-layout":"full-width-container","site-content-style":"unboxed","site-sidebar-style":"unboxed","ast-global-header-display":"","ast-banner-title-visibility":"","ast-main-header-display":"","ast-hfb-above-header-display":"","ast-hfb-below-header-display":"","ast-hfb-mobile-header-display":"","site-post-title":"disabled","ast-breadcrumbs-content":"","ast-featured-img":"disabled","footer-sml-layout":"","ast-disable-related-posts":"","theme-transparent-header-meta":"enabled","adv-header-id-meta":"","stick-header-meta":"","header-above-stick-meta":"","header-main-stick-meta":"","header-below-stick-meta":"","astra-migrate-meta-layouts":"set","ast-page-background-enabled":"default","ast-page-background-meta":{"desktop":{"background-color":"var(--ast-global-color-4)","background-image":"","background-repeat":"repeat","background-position":"center center","background-size":"auto","background-attachment":"scroll","background-type":"","background-media":"","overlay-type":"","overlay-color":"","overlay-opacity":"","overlay-gradient":""},"tablet":{"background-color":"","background-image":"","background-repeat":"repeat","background-position":"center center","background-size":"auto","background-attachment":"scroll","background-type":"","background-media":"","overlay-type":"","overlay-color":"","overlay-opacity":"","overlay-gradient":""},"mobile":{"background-color":"","background-image":"","background-repeat":"repeat","background-position":"center center","background-size":"auto","background-attachment":"scroll","background-type":"","background-media":"","overlay-type":"","overlay-color":"","overlay-opacity":"","overlay-gradient":""}},"ast-content-background-meta":{"desktop":{"background-color":"var(--ast-global-color-5)","background-image":"","background-repeat":"repeat","background-position":"center center","background-size":"auto","background-attachment":"scroll","background-type":"","background-media":"","overlay-type":"","overlay-color":"","overlay-opacity":"","overlay-gradient":""},"tablet":{"background-color":"var(--ast-global-color-5)","background-image":"","background-repeat":"repeat","background-position":"center center","background-size":"auto","background-attachment":"scroll","background-type":"","background-media":"","overlay-type":"","overlay-color":"","overlay-opacity":"","overlay-gradient":""},"mobile":{"background-color":"var(--ast-global-color-5)","background-image":"","background-repeat":"repeat","background-position":"center center","background-size":"auto","background-attachment":"scroll","background-type":"","background-media":"","overlay-type":"","overlay-color":"","overlay-opacity":"","overlay-gradient":""}},"footnotes":""},"class_list":["post-8612","page","type-page","status-publish","hentry"],"_links":{"self":[{"href":"https:\/\/kyrkekvarn.com\/english\/wp-json\/wp\/v2\/pages\/8612","targetHints":{"allow":["GET"]}}],"collection":[{"href":"https:\/\/kyrkekvarn.com\/english\/wp-json\/wp\/v2\/pages"}],"about":[{"href":"https:\/\/kyrkekvarn.com\/english\/wp-json\/wp\/v2\/types\/page"}],"author":[{"embeddable":true,"href":"https:\/\/kyrkekvarn.com\/english\/wp-json\/wp\/v2\/users\/2"}],"replies":[{"embeddable":true,"href":"https:\/\/kyrkekvarn.com\/english\/wp-json\/wp\/v2\/comments?post=8612"}],"version-history":[{"count":8,"href":"https:\/\/kyrkekvarn.com\/english\/wp-json\/wp\/v2\/pages\/8612\/revisions"}],"predecessor-version":[{"id":8626,"href":"https:\/\/kyrkekvarn.com\/english\/wp-json\/wp\/v2\/pages\/8612\/revisions\/8626"}],"wp:attachment":[{"href":"https:\/\/kyrkekvarn.com\/english\/wp-json\/wp\/v2\/media?parent=8612"}],"curies":[{"name":"wp","href":"https:\/\/api.w.org\/{rel}","templated":true}]}}