{"id":8644,"date":"2026-04-15T18:51:21","date_gmt":"2026-04-15T16:51:21","guid":{"rendered":"https:\/\/kyrkekvarn.com\/english\/?page_id=8644"},"modified":"2026-04-18T19:29:25","modified_gmt":"2026-04-18T17:29:25","slug":"ridhus-2","status":"publish","type":"page","link":"https:\/\/kyrkekvarn.com\/english\/ridhus-2\/","title":{"rendered":"Ridhus"},"content":{"rendered":"\t\t<div data-elementor-type=\"wp-page\" data-elementor-id=\"8644\" class=\"elementor elementor-8644\">\n\t\t\t\t<div class=\"elementor-element elementor-element-d63c4d0 e-flex e-con-boxed e-con e-parent\" data-id=\"d63c4d0\" data-element_type=\"container\" data-e-type=\"container\" data-settings=\"{&quot;background_background&quot;:&quot;classic&quot;}\">\n\t\t\t\t\t<div class=\"e-con-inner\">\n\t\t<div class=\"elementor-element elementor-element-7194f1b e-con-full e-flex e-con e-child\" data-id=\"7194f1b\" data-element_type=\"container\" data-e-type=\"container\">\n\t\t\t\t<div class=\"elementor-element elementor-element-da8d757 elementor-widget elementor-widget-heading\" data-id=\"da8d757\" data-element_type=\"widget\" data-e-type=\"widget\" data-widget_type=\"heading.default\">\n\t\t\t\t<div class=\"elementor-widget-container\">\n\t\t\t\t\t<h1 class=\"elementor-heading-title elementor-size-default\">RIDHUS<\/h1>\t\t\t\t<\/div>\n\t\t\t\t<\/div>\n\t\t\t\t<div class=\"elementor-element elementor-element-07529b3 elementor-align-center elementor-widget elementor-widget-button\" data-id=\"07529b3\" data-element_type=\"widget\" data-e-type=\"widget\" data-widget_type=\"button.default\">\n\t\t\t\t<div class=\"elementor-widget-container\">\n\t\t\t\t\t\t\t\t\t<div class=\"elementor-button-wrapper\">\n\t\t\t\t\t<a class=\"elementor-button elementor-button-link elementor-size-sm\" href=\"https:\/\/dividoit.se\/kyrkekvarn\/bokning\/\">\n\t\t\t\t\t\t<span class=\"elementor-button-content-wrapper\">\n\t\t\t\t\t\t\t\t\t<span class=\"elementor-button-text\">BOKA ONLINE<\/span>\n\t\t\t\t\t<\/span>\n\t\t\t\t\t<\/a>\n\t\t\t\t<\/div>\n\t\t\t\t\t\t\t\t<\/div>\n\t\t\t\t<\/div>\n\t\t\t\t<\/div>\n\t\t\t\t\t<\/div>\n\t\t\t\t<\/div>\n\t\t<div class=\"elementor-element elementor-element-5f7500e e-flex e-con-boxed e-con e-parent\" data-id=\"5f7500e\" data-element_type=\"container\" data-e-type=\"container\">\n\t\t\t\t\t<div class=\"e-con-inner\">\n\t\t\t\t<div class=\"elementor-element elementor-element-8160ff7 elementor-widget elementor-widget-spacer\" data-id=\"8160ff7\" data-element_type=\"widget\" data-e-type=\"widget\" data-widget_type=\"spacer.default\">\n\t\t\t\t<div class=\"elementor-widget-container\">\n\t\t\t\t\t\t\t<div class=\"elementor-spacer\">\n\t\t\t<div class=\"elementor-spacer-inner\"><\/div>\n\t\t<\/div>\n\t\t\t\t\t\t<\/div>\n\t\t\t\t<\/div>\n\t\t\t\t\t<\/div>\n\t\t\t\t<\/div>\n\t\t<div class=\"elementor-element elementor-element-394464e e-flex e-con-boxed e-con e-parent\" data-id=\"394464e\" data-element_type=\"container\" data-e-type=\"container\">\n\t\t\t\t\t<div class=\"e-con-inner\">\n\t\t\t\t<div class=\"elementor-element elementor-element-4596ded elementor-widget elementor-widget-heading\" data-id=\"4596ded\" data-element_type=\"widget\" data-e-type=\"widget\" data-widget_type=\"heading.default\">\n\t\t\t\t<div class=\"elementor-widget-container\">\n\t\t\t\t\t<h2 class=\"elementor-heading-title elementor-size-default\">Ridhus<\/h2>\t\t\t\t<\/div>\n\t\t\t\t<\/div>\n\t\t\t\t\t<\/div>\n\t\t\t\t<\/div>\n\t\t<div class=\"elementor-element elementor-element-f819a11 e-flex e-con-boxed e-con e-parent\" data-id=\"f819a11\" data-element_type=\"container\" data-e-type=\"container\">\n\t\t\t\t\t<div class=\"e-con-inner\">\n\t\t\t\t<div class=\"elementor-element elementor-element-10c8752 elementor-widget elementor-widget-heading\" data-id=\"10c8752\" data-element_type=\"widget\" data-e-type=\"widget\" data-widget_type=\"heading.default\">\n\t\t\t\t<div class=\"elementor-widget-container\">\n\t\t\t\t\t<h2 class=\"elementor-heading-title elementor-size-default\"><span style=\"font-weight: 700;font-size: 16px;white-space: normal\">~ samarbete ~ ansvar ~ respekt ~ gl\u00e4dje ~<\/span><\/h2>\t\t\t\t<\/div>\n\t\t\t\t<\/div>\n\t\t\t\t\t<\/div>\n\t\t\t\t<\/div>\n\t\t<div class=\"elementor-element elementor-element-3273513 e-flex e-con-boxed e-con e-parent\" data-id=\"3273513\" data-element_type=\"container\" data-e-type=\"container\">\n\t\t\t\t\t<div class=\"e-con-inner\">\n\t\t\t\t<div class=\"elementor-element elementor-element-f87c7d6 elementor-widget elementor-widget-text-editor\" data-id=\"f87c7d6\" data-element_type=\"widget\" data-e-type=\"widget\" data-widget_type=\"text-editor.default\">\n\t\t\t\t<div class=\"elementor-widget-container\">\n\t\t\t\t\t\t\t\t\t<p><span style=\"font-style: inherit;\">Bokning sker via Boka Online.<\/span><\/p><p style=\"font-weight: 400;\">L\u00e4s villkoren nedan innan du bokar!<\/p><p style=\"font-weight: 400;\"><strong>\u00a0<\/strong><\/p><p style=\"font-weight: 400;\"><strong>Ridhus<\/strong><\/p><p style=\"font-weight: 400;\">V\u00e5rt ridhus \u00e4r utrustat med gummigranulatet EcoFlexPro som ger ett glids\u00e4kert toppskikt som s\u00e4kerst\u00e4ller att h\u00e4sten g\u00e5r stadigt p\u00e5 banan. Dessutom \u00e4r toppskiktet st\u00f6tabsorberande och bidrar till att h\u00e4sten inte tar samma skada. Underlaget minskar slitaget p\u00e5 h\u00e4stens senor och leder. Toppskiktet erbjuder en elastisk yta som ger b\u00e4ttre avstamp. Om h\u00e4sten g\u00e5r utan skor \u00e4r toppskiktet ocks\u00e5 r\u00e4tt l\u00f6sning. Gummit sliter inte p\u00e5 h\u00e4stens hovar p\u00e5 samma s\u00e4tt som sand g\u00f6r.<\/p><p style=\"font-weight: 400;\">Om ryttaren skulle ha otur och trilla av h\u00e4sten bidrar gummigranulatet till en mjukare landning.<\/p><p style=\"font-weight: 400;\">EcoFlexPro \u00f6kar komforten f\u00f6r b\u00e5de h\u00e4st och ryttare.<\/p><p><b>\u00a0<\/b><\/p><p><b>Villkor<\/b><\/p><p style=\"font-weight: 400;\"><strong>\u00a0<\/strong><\/p><p style=\"font-weight: 400;\"><strong>Det \u00e4r ryttarens ansvar (m\u00e5lsman om ryttaren \u00e4r under 18 \u00e5r) att f\u00f6ljande villkor efterlevs. Myndig person ska finnas n\u00e4rvarande om ryttaren \u00e4r under 18 \u00e5r.<\/strong><\/p><p style=\"font-weight: 400;\"><strong>Avgift\/ betalning<\/strong><\/p><p style=\"font-weight: 400;\">Betalning f\u00f6r avgiften g\u00f6rs direkt n\u00e4r du g\u00f6r bokningen via Boka Online.<\/p><p style=\"font-weight: 400;\">Du f\u00e5r en bekr\u00e4ftelse via e-post.<\/p><p style=\"font-weight: 400;\">Avgiften f\u00f6r ridhus \u00e4r 400kr per timme f\u00f6r upp till 2 h\u00e4star.<\/p><p style=\"font-weight: 400;\">3 h\u00e4star 600kr<\/p><p style=\"font-weight: 400;\">4 h\u00e4star 750kr<\/p><p style=\"font-weight: 400;\">5 h\u00e4star 900kr<\/p><p style=\"font-weight: 400;\">6 h\u00e4star 1000kr<\/p><p style=\"font-weight: 400;\">Vid avbokning tidigare \u00e4n 30 dagar innan ankomst \u00e5terbetalas 100%.<br \/>Vid avbokning senare \u00e4n 30 dagar innan ankomst \u00e5terbetalas 50%.<br \/>Vid avbokning senare \u00e4n 24h innan ankomst \u00e5terbetalas ingen del av beloppet.<\/p><p style=\"font-weight: 400;\">Avbest\u00e4llningsskydd ing\u00e5r\u00a0<strong>ej<\/strong>\u00a0i hyresbeloppet, vi rekommenderar alla att ha till\u00e4ggstj\u00e4nsten \u201davbest\u00e4llningsskydd\u201d i sin hemf\u00f6rs\u00e4kring.<\/p><p style=\"font-weight: 400;\">Vi erbjuder inga avbest\u00e4llningsskydd.<\/p><p style=\"font-weight: 400;\">Om Kyrkekvarn av n\u00e5gon anledning beh\u00f6ver st\u00e4lla in din tid \u00e5terbetalas hela avgiften.<\/p><p>\u00a0<\/p><p style=\"font-weight: 400;\"><strong>Anl\u00e4ggning<\/strong><\/p><p style=\"font-weight: 400;\">Parkering sker p\u00e5 grusparkeringen.<\/p><p style=\"font-weight: 400;\">Belysning \u2013 finns direkt till h\u00f6ger innanf\u00f6r d\u00f6rren. Lamporna m\u00e5ste vara t\u00e4nda minst 5 minuter innan de sl\u00e4cks d\u00e5 de annars g\u00e5r s\u00f6nder. Se till att du sl\u00e4cker innan du g\u00e5r om ridhuset inte \u00e4r bokat efter dig.<\/p><p style=\"font-weight: 400;\">Se till att d\u00f6rrar \u00e4r l\u00e5sta och st\u00e4ngda vid avf\u00e4rd<\/p><p>\u00a0<\/p><p style=\"font-weight: 400;\"><strong>H\u00e4stv\u00e4lf\u00e4rd<\/strong><\/p><p style=\"font-weight: 400;\">Alla h\u00e4star p\u00e5 anl\u00e4ggningen, b\u00e5de de som bor h\u00e4r och v\u00e5ra g\u00e4ster ska behandlas med respekt och v\u00e4rdighet. H\u00e4star som vistas h\u00e4r ska vara v\u00e4l f\u00f6rberedda f\u00f6r sina uppgifter. H\u00e4star som kommer till ridhuset ska ej ha vistats i smittat stall under de senaste tre veckorna samt att den har giltigt vaccin mot h\u00e4stinfluensa. Vaccinationsintyg ska kunna visas upp vid f\u00f6rfr\u00e5gan.<\/p><p>\u00a0<\/p><p>\u00a0<\/p><p style=\"font-weight: 400;\"><strong>Generella ridhusregler<\/strong><\/p><p style=\"font-weight: 400;\"><strong>\u00a0<\/strong><\/p><ul style=\"font-weight: 400;\"><li>P\u00e5kalla uppm\u00e4rksamhet innan du g\u00e5r in i eller ut fr\u00e5n ridbanan<\/li><li>All h\u00e4sthantering sker med godk\u00e4nd hj\u00e4lm<\/li><li>Mocka efter dig b\u00e5de i ridhuset, p\u00e5 ridbanan och p\u00e5 stallplanen (anv\u00e4nd ridhusets skottk\u00e4rra)<\/li><\/ul><p style=\"font-weight: 400;\"><strong>Hoppning<\/strong><\/p><p style=\"font-weight: 400;\">Allt material som anv\u00e4nds ska st\u00e4llas tillbaka igen.<\/p><p style=\"font-weight: 400;\">Hoppning f\u00e5r ej ske utan myndig person n\u00e4rvarande om ryttaren \u00e4r under 18 \u00e5r.<\/p><p style=\"font-weight: 400;\">Ridhusets hindermaterial ligger under ridhusets l\u00e4ktare.<\/p><p style=\"font-weight: 400;\"><strong>All verksamhet kring h\u00e4starna sker p\u00e5 egen risk.<\/strong><\/p><p style=\"font-weight: 400;\"><strong>\u00a0<\/strong><\/p><p style=\"font-weight: 400;\"><strong><em>V\u00e4lkommen f\u00f6r inspirerande ridning hos<\/em><\/strong><\/p><p style=\"font-weight: 400;\"><strong><em>Kyrkekvarn Islandsh\u00e4star<\/em><\/strong><\/p><p style=\"font-weight: 400;\"><strong><em>\u00a0<\/em><\/strong><\/p><p style=\"font-weight: 400;\"><strong><em>Jourtelefon 0738\u2013015044<\/em><\/strong><\/p>\t\t\t\t\t\t\t\t<\/div>\n\t\t\t\t<\/div>\n\t\t\t\t\t<\/div>\n\t\t\t\t<\/div>\n\t\t<div class=\"elementor-element elementor-element-25d9758 e-flex e-con-boxed e-con e-parent\" data-id=\"25d9758\" data-element_type=\"container\" data-e-type=\"container\">\n\t\t\t\t\t<div class=\"e-con-inner\">\n\t\t\t\t<div class=\"elementor-element elementor-element-31a069d elementor-widget elementor-widget-image\" data-id=\"31a069d\" data-element_type=\"widget\" data-e-type=\"widget\" data-widget_type=\"image.default\">\n\t\t\t\t<div class=\"elementor-widget-container\">\n\t\t\t\t\t\t\t\t\t\t\t\t\t\t\t<img fetchpriority=\"high\" decoding=\"async\" width=\"300\" height=\"225\" src=\"https:\/\/kyrkekvarn.com\/english\/wp-content\/uploads\/2026\/04\/IMG_8851-e1776341194543-300x225.jpg\" class=\"attachment-medium size-medium wp-image-8656\" alt=\"img 8851\" srcset=\"https:\/\/kyrkekvarn.com\/english\/wp-content\/uploads\/2026\/04\/IMG_8851-e1776341194543-300x225.jpg 300w, https:\/\/kyrkekvarn.com\/english\/wp-content\/uploads\/2026\/04\/IMG_8851-e1776341194543-1024x768.jpg 1024w, https:\/\/kyrkekvarn.com\/english\/wp-content\/uploads\/2026\/04\/IMG_8851-e1776341194543-768x576.jpg 768w, https:\/\/kyrkekvarn.com\/english\/wp-content\/uploads\/2026\/04\/IMG_8851-e1776341194543-1536x1152.jpg 1536w, https:\/\/kyrkekvarn.com\/english\/wp-content\/uploads\/2026\/04\/IMG_8851-e1776341194543.jpg 1820w\" sizes=\"(max-width: 300px) 100vw, 300px\" title=\"Ridhus\">\t\t\t\t\t\t\t\t\t\t\t\t\t\t\t<\/div>\n\t\t\t\t<\/div>\n\t\t\t\t<div class=\"elementor-element elementor-element-be6cd8d elementor-widget elementor-widget-image\" data-id=\"be6cd8d\" data-element_type=\"widget\" data-e-type=\"widget\" data-widget_type=\"image.default\">\n\t\t\t\t<div class=\"elementor-widget-container\">\n\t\t\t\t\t\t\t\t\t\t\t\t\t\t\t<img decoding=\"async\" width=\"300\" height=\"225\" src=\"https:\/\/kyrkekvarn.com\/english\/wp-content\/uploads\/2026\/04\/IMG_8844-300x225.jpg\" class=\"attachment-medium size-medium wp-image-8657\" alt=\"img 8844\" srcset=\"https:\/\/kyrkekvarn.com\/english\/wp-content\/uploads\/2026\/04\/IMG_8844-300x225.jpg 300w, https:\/\/kyrkekvarn.com\/english\/wp-content\/uploads\/2026\/04\/IMG_8844-1024x768.jpg 1024w, https:\/\/kyrkekvarn.com\/english\/wp-content\/uploads\/2026\/04\/IMG_8844-768x576.jpg 768w, https:\/\/kyrkekvarn.com\/english\/wp-content\/uploads\/2026\/04\/IMG_8844-1536x1152.jpg 1536w, https:\/\/kyrkekvarn.com\/english\/wp-content\/uploads\/2026\/04\/IMG_8844.jpg 2048w\" sizes=\"(max-width: 300px) 100vw, 300px\" title=\"Ridhus\">\t\t\t\t\t\t\t\t\t\t\t\t\t\t\t<\/div>\n\t\t\t\t<\/div>\n\t\t\t\t<div class=\"elementor-element elementor-element-adc48e6 elementor-widget elementor-widget-image\" data-id=\"adc48e6\" data-element_type=\"widget\" data-e-type=\"widget\" data-widget_type=\"image.default\">\n\t\t\t\t<div class=\"elementor-widget-container\">\n\t\t\t\t\t\t\t\t\t\t\t\t\t\t\t<img decoding=\"async\" width=\"300\" height=\"225\" src=\"https:\/\/kyrkekvarn.com\/english\/wp-content\/uploads\/2026\/04\/IMG_8903-300x225.jpg\" class=\"attachment-medium size-medium wp-image-8658\" alt=\"img 8903\" srcset=\"https:\/\/kyrkekvarn.com\/english\/wp-content\/uploads\/2026\/04\/IMG_8903-300x225.jpg 300w, https:\/\/kyrkekvarn.com\/english\/wp-content\/uploads\/2026\/04\/IMG_8903-1024x768.jpg 1024w, https:\/\/kyrkekvarn.com\/english\/wp-content\/uploads\/2026\/04\/IMG_8903-768x576.jpg 768w, https:\/\/kyrkekvarn.com\/english\/wp-content\/uploads\/2026\/04\/IMG_8903-1536x1152.jpg 1536w, https:\/\/kyrkekvarn.com\/english\/wp-content\/uploads\/2026\/04\/IMG_8903.jpg 2048w\" sizes=\"(max-width: 300px) 100vw, 300px\" title=\"Ridhus\">\t\t\t\t\t\t\t\t\t\t\t\t\t\t\t<\/div>\n\t\t\t\t<\/div>\n\t\t\t\t<div class=\"elementor-element elementor-element-44c63e3 elementor-widget elementor-widget-image\" data-id=\"44c63e3\" data-element_type=\"widget\" data-e-type=\"widget\" data-widget_type=\"image.default\">\n\t\t\t\t<div class=\"elementor-widget-container\">\n\t\t\t\t\t\t\t\t\t\t\t\t\t\t\t<img loading=\"lazy\" decoding=\"async\" width=\"300\" height=\"225\" src=\"https:\/\/kyrkekvarn.com\/english\/wp-content\/uploads\/2026\/04\/Bild-hinder-300x225.jpg\" class=\"attachment-medium size-medium wp-image-8671\" alt=\"bild hinder\" srcset=\"https:\/\/kyrkekvarn.com\/english\/wp-content\/uploads\/2026\/04\/Bild-hinder-300x225.jpg 300w, https:\/\/kyrkekvarn.com\/english\/wp-content\/uploads\/2026\/04\/Bild-hinder-1024x768.jpg 1024w, https:\/\/kyrkekvarn.com\/english\/wp-content\/uploads\/2026\/04\/Bild-hinder-768x576.jpg 768w, https:\/\/kyrkekvarn.com\/english\/wp-content\/uploads\/2026\/04\/Bild-hinder-1536x1152.jpg 1536w, https:\/\/kyrkekvarn.com\/english\/wp-content\/uploads\/2026\/04\/Bild-hinder-2048x1536.jpg 2048w\" sizes=\"(max-width: 300px) 100vw, 300px\" title=\"Ridhus\">\t\t\t\t\t\t\t\t\t\t\t\t\t\t\t<\/div>\n\t\t\t\t<\/div>\n\t\t\t\t\t<\/div>\n\t\t\t\t<\/div>\n\t\t<div class=\"elementor-element elementor-element-6baf064 e-flex e-con-boxed e-con e-parent\" data-id=\"6baf064\" data-element_type=\"container\" data-e-type=\"container\">\n\t\t\t\t\t<div class=\"e-con-inner\">\n\t\t\t\t<div class=\"elementor-element elementor-element-9d0bd9a elementor-widget elementor-widget-spacer\" data-id=\"9d0bd9a\" data-element_type=\"widget\" data-e-type=\"widget\" data-widget_type=\"spacer.default\">\n\t\t\t\t<div class=\"elementor-widget-container\">\n\t\t\t\t\t\t\t<div class=\"elementor-spacer\">\n\t\t\t<div class=\"elementor-spacer-inner\"><\/div>\n\t\t<\/div>\n\t\t\t\t\t\t<\/div>\n\t\t\t\t<\/div>\n\t\t\t\t\t<\/div>\n\t\t\t\t<\/div>\n\t\t<div class=\"elementor-element elementor-element-36438c1 e-flex e-con-boxed e-con e-parent\" data-id=\"36438c1\" data-element_type=\"container\" data-e-type=\"container\" data-settings=\"{&quot;background_background&quot;:&quot;classic&quot;}\">\n\t\t\t\t\t<div class=\"e-con-inner\">\n\t\t<div class=\"elementor-element elementor-element-340bf75 e-flex e-con-boxed e-con e-child\" data-id=\"340bf75\" data-element_type=\"container\" data-e-type=\"container\">\n\t\t\t\t\t<div class=\"e-con-inner\">\n\t\t\t\t<div class=\"elementor-element elementor-element-d1cae14 elementor-widget__width-initial elementor-widget elementor-widget-hfe-infocard\" data-id=\"d1cae14\" data-element_type=\"widget\" data-e-type=\"widget\" data-widget_type=\"hfe-infocard.default\">\n\t\t\t\t<div class=\"elementor-widget-container\">\n\t\t\t\t\t\n\t\t<div class=\"hfe-infocard\">\n\t\t\t\t\t\t\t\t\t<div class=\"hfe-infocard-title-wrap\">\n\t\t\t\t<h1 class=\"hfe-infocard-title elementor-inline-editing\" data-elementor-setting-key=\"infocard_title\" data-elementor-inline-editing-toolbar=\"basic\" >Vanliga fr\u00e5gor<\/h1>\t\t\t<\/div>\n\t\t\t\t\t\t<div class=\"hfe-infocard-text-wrap\">\n\t\t\t\t<div class=\"hfe-infocard-text elementor-inline-editing\" data-elementor-setting-key=\"infocard_description\" data-elementor-inline-editing-toolbar=\"advanced\">\n\t\t\t\t\tHar du n\u00e5gra fr\u00e5gor? Vi \u00e4r alltid \u00f6ppna f\u00f6r att prata om ditt f\u00f6retag, nya projekt, kreativa m\u00f6jligheter och hur vi kan hj\u00e4lpa dig.\t\t\t\t<\/div>\n\t\t\t\t\t\t\t<\/div>\n\t\t<\/div>\n\n\t\t\t\t\t\t<\/div>\n\t\t\t\t<\/div>\n\t\t\t\t<div class=\"elementor-element elementor-element-57c61d8 elementor-align-center elementor-widget elementor-widget-button\" data-id=\"57c61d8\" data-element_type=\"widget\" data-e-type=\"widget\" data-widget_type=\"button.default\">\n\t\t\t\t<div class=\"elementor-widget-container\">\n\t\t\t\t\t\t\t\t\t<div class=\"elementor-button-wrapper\">\n\t\t\t\t\t<a class=\"elementor-button elementor-button-link elementor-size-sm\" href=\"https:\/\/kyrkekvarn.com\/english\/faq-islandshastarturridning\/\">\n\t\t\t\t\t\t<span class=\"elementor-button-content-wrapper\">\n\t\t\t\t\t\t\t\t\t<span class=\"elementor-button-text\">FAQ<\/span>\n\t\t\t\t\t<\/span>\n\t\t\t\t\t<\/a>\n\t\t\t\t<\/div>\n\t\t\t\t\t\t\t\t<\/div>\n\t\t\t\t<\/div>\n\t\t\t\t\t<\/div>\n\t\t\t\t<\/div>\n\t\t\t\t\t<\/div>\n\t\t\t\t<\/div>\n\t\t<div class=\"elementor-element elementor-element-1732c7c e-flex e-con-boxed e-con e-parent\" data-id=\"1732c7c\" data-element_type=\"container\" data-e-type=\"container\">\n\t\t\t\t\t<div class=\"e-con-inner\">\n\t\t\t\t<div class=\"elementor-element elementor-element-cb5daa1 elementor-widget elementor-widget-spacer\" data-id=\"cb5daa1\" data-element_type=\"widget\" data-e-type=\"widget\" data-widget_type=\"spacer.default\">\n\t\t\t\t<div class=\"elementor-widget-container\">\n\t\t\t\t\t\t\t<div class=\"elementor-spacer\">\n\t\t\t<div class=\"elementor-spacer-inner\"><\/div>\n\t\t<\/div>\n\t\t\t\t\t\t<\/div>\n\t\t\t\t<\/div>\n\t\t\t\t\t<\/div>\n\t\t\t\t<\/div>\n\t\t\t\t<\/div>\n\t\t","protected":false},"excerpt":{"rendered":"<p>RIDHUS BOKA ONLINE Ridhus ~ samarbete ~ ansvar ~ respekt ~ gl\u00e4dje ~ Bokning sker via Boka Online. L\u00e4s villkoren nedan innan du bokar! \u00a0 Ridhus V\u00e5rt ridhus \u00e4r utrustat med gummigranulatet EcoFlexPro som ger ett glids\u00e4kert toppskikt som s\u00e4kerst\u00e4ller att h\u00e4sten g\u00e5r stadigt p\u00e5 banan. Dessutom \u00e4r toppskiktet st\u00f6tabsorberande och bidrar till att h\u00e4sten [&hellip;]<\/p>\n","protected":false},"author":2,"featured_media":0,"parent":0,"menu_order":0,"comment_status":"closed","ping_status":"closed","template":"","meta":{"_monsterinsights_skip_tracking":false,"_monsterinsights_sitenote_active":false,"_monsterinsights_sitenote_note":"","_monsterinsights_sitenote_category":0,"site-sidebar-layout":"no-sidebar","site-content-layout":"page-builder","ast-site-content-layout":"full-width-container","site-content-style":"unboxed","site-sidebar-style":"unboxed","ast-global-header-display":"","ast-banner-title-visibility":"","ast-main-header-display":"","ast-hfb-above-header-display":"","ast-hfb-below-header-display":"","ast-hfb-mobile-header-display":"","site-post-title":"disabled","ast-breadcrumbs-content":"","ast-featured-img":"disabled","footer-sml-layout":"","ast-disable-related-posts":"","theme-transparent-header-meta":"enabled","adv-header-id-meta":"","stick-header-meta":"","header-above-stick-meta":"","header-main-stick-meta":"","header-below-stick-meta":"","astra-migrate-meta-layouts":"set","ast-page-background-enabled":"default","ast-page-background-meta":{"desktop":{"background-color":"var(--ast-global-color-4)","background-image":"","background-repeat":"repeat","background-position":"center center","background-size":"auto","background-attachment":"scroll","background-type":"","background-media":"","overlay-type":"","overlay-color":"","overlay-opacity":"","overlay-gradient":""},"tablet":{"background-color":"","background-image":"","background-repeat":"repeat","background-position":"center center","background-size":"auto","background-attachment":"scroll","background-type":"","background-media":"","overlay-type":"","overlay-color":"","overlay-opacity":"","overlay-gradient":""},"mobile":{"background-color":"","background-image":"","background-repeat":"repeat","background-position":"center center","background-size":"auto","background-attachment":"scroll","background-type":"","background-media":"","overlay-type":"","overlay-color":"","overlay-opacity":"","overlay-gradient":""}},"ast-content-background-meta":{"desktop":{"background-color":"var(--ast-global-color-5)","background-image":"","background-repeat":"repeat","background-position":"center center","background-size":"auto","background-attachment":"scroll","background-type":"","background-media":"","overlay-type":"","overlay-color":"","overlay-opacity":"","overlay-gradient":""},"tablet":{"background-color":"var(--ast-global-color-5)","background-image":"","background-repeat":"repeat","background-position":"center center","background-size":"auto","background-attachment":"scroll","background-type":"","background-media":"","overlay-type":"","overlay-color":"","overlay-opacity":"","overlay-gradient":""},"mobile":{"background-color":"var(--ast-global-color-5)","background-image":"","background-repeat":"repeat","background-position":"center center","background-size":"auto","background-attachment":"scroll","background-type":"","background-media":"","overlay-type":"","overlay-color":"","overlay-opacity":"","overlay-gradient":""}},"footnotes":""},"class_list":["post-8644","page","type-page","status-publish","hentry"],"_links":{"self":[{"href":"https:\/\/kyrkekvarn.com\/english\/wp-json\/wp\/v2\/pages\/8644","targetHints":{"allow":["GET"]}}],"collection":[{"href":"https:\/\/kyrkekvarn.com\/english\/wp-json\/wp\/v2\/pages"}],"about":[{"href":"https:\/\/kyrkekvarn.com\/english\/wp-json\/wp\/v2\/types\/page"}],"author":[{"embeddable":true,"href":"https:\/\/kyrkekvarn.com\/english\/wp-json\/wp\/v2\/users\/2"}],"replies":[{"embeddable":true,"href":"https:\/\/kyrkekvarn.com\/english\/wp-json\/wp\/v2\/comments?post=8644"}],"version-history":[{"count":14,"href":"https:\/\/kyrkekvarn.com\/english\/wp-json\/wp\/v2\/pages\/8644\/revisions"}],"predecessor-version":[{"id":8675,"href":"https:\/\/kyrkekvarn.com\/english\/wp-json\/wp\/v2\/pages\/8644\/revisions\/8675"}],"wp:attachment":[{"href":"https:\/\/kyrkekvarn.com\/english\/wp-json\/wp\/v2\/media?parent=8644"}],"curies":[{"name":"wp","href":"https:\/\/api.w.org\/{rel}","templated":true}]}}