{"id":8676,"date":"2026-04-18T19:44:01","date_gmt":"2026-04-18T17:44:01","guid":{"rendered":"https:\/\/kyrkekvarn.com\/english\/?page_id=8676"},"modified":"2026-04-18T19:51:04","modified_gmt":"2026-04-18T17:51:04","slug":"medryttare","status":"publish","type":"page","link":"https:\/\/kyrkekvarn.com\/english\/medryttare\/","title":{"rendered":"Medryttare"},"content":{"rendered":"\t\t<div data-elementor-type=\"wp-page\" data-elementor-id=\"8676\" class=\"elementor elementor-8676\">\n\t\t\t\t<div class=\"elementor-element elementor-element-0721245 e-flex e-con-boxed e-con e-parent\" data-id=\"0721245\" data-element_type=\"container\" data-e-type=\"container\" data-settings=\"{&quot;background_background&quot;:&quot;classic&quot;}\">\n\t\t\t\t\t<div class=\"e-con-inner\">\n\t\t<div class=\"elementor-element elementor-element-265f2cc e-con-full e-flex e-con e-child\" data-id=\"265f2cc\" data-element_type=\"container\" data-e-type=\"container\">\n\t\t\t\t<div class=\"elementor-element elementor-element-77e7ed4 elementor-widget elementor-widget-heading\" data-id=\"77e7ed4\" data-element_type=\"widget\" data-e-type=\"widget\" data-widget_type=\"heading.default\">\n\t\t\t\t<div class=\"elementor-widget-container\">\n\t\t\t\t\t<h1 class=\"elementor-heading-title elementor-size-default\">MEDRYTTARE<\/h1>\t\t\t\t<\/div>\n\t\t\t\t<\/div>\n\t\t\t\t<div class=\"elementor-element elementor-element-b9c116c elementor-align-center elementor-widget elementor-widget-button\" data-id=\"b9c116c\" data-element_type=\"widget\" data-e-type=\"widget\" data-widget_type=\"button.default\">\n\t\t\t\t<div class=\"elementor-widget-container\">\n\t\t\t\t\t\t\t\t\t<div class=\"elementor-button-wrapper\">\n\t\t\t\t\t<a class=\"elementor-button elementor-button-link elementor-size-sm\" href=\"https:\/\/dividoit.se\/kyrkekvarn\/bokning\/\">\n\t\t\t\t\t\t<span class=\"elementor-button-content-wrapper\">\n\t\t\t\t\t\t\t\t\t<span class=\"elementor-button-text\">BOKA ONLINE<\/span>\n\t\t\t\t\t<\/span>\n\t\t\t\t\t<\/a>\n\t\t\t\t<\/div>\n\t\t\t\t\t\t\t\t<\/div>\n\t\t\t\t<\/div>\n\t\t\t\t<\/div>\n\t\t\t\t\t<\/div>\n\t\t\t\t<\/div>\n\t\t<div class=\"elementor-element elementor-element-79e6bc7 e-flex e-con-boxed e-con e-parent\" data-id=\"79e6bc7\" data-element_type=\"container\" data-e-type=\"container\">\n\t\t\t\t\t<div class=\"e-con-inner\">\n\t\t\t\t<div class=\"elementor-element elementor-element-a879bf1 elementor-widget elementor-widget-spacer\" data-id=\"a879bf1\" data-element_type=\"widget\" data-e-type=\"widget\" data-widget_type=\"spacer.default\">\n\t\t\t\t<div class=\"elementor-widget-container\">\n\t\t\t\t\t\t\t<div class=\"elementor-spacer\">\n\t\t\t<div class=\"elementor-spacer-inner\"><\/div>\n\t\t<\/div>\n\t\t\t\t\t\t<\/div>\n\t\t\t\t<\/div>\n\t\t\t\t\t<\/div>\n\t\t\t\t<\/div>\n\t\t<div class=\"elementor-element elementor-element-b8bf391 e-flex e-con-boxed e-con e-parent\" data-id=\"b8bf391\" data-element_type=\"container\" data-e-type=\"container\">\n\t\t\t\t\t<div class=\"e-con-inner\">\n\t\t\t\t<div class=\"elementor-element elementor-element-e915fd0 elementor-widget elementor-widget-heading\" data-id=\"e915fd0\" data-element_type=\"widget\" data-e-type=\"widget\" data-widget_type=\"heading.default\">\n\t\t\t\t<div class=\"elementor-widget-container\">\n\t\t\t\t\t<h2 class=\"elementor-heading-title elementor-size-default\">Dr\u00f6mmer du om en egen h\u00e4st!\nD\u00e5 kan du ta chansen att bli medryttare till n\u00e5gon av v\u00e5ra underbara Islandsh\u00e4star.<\/h2>\t\t\t\t<\/div>\n\t\t\t\t<\/div>\n\t\t\t\t\t<\/div>\n\t\t\t\t<\/div>\n\t\t<div class=\"elementor-element elementor-element-439cc28 e-flex e-con-boxed e-con e-parent\" data-id=\"439cc28\" data-element_type=\"container\" data-e-type=\"container\">\n\t\t\t\t\t<div class=\"e-con-inner\">\n\t\t\t\t<div class=\"elementor-element elementor-element-fe43a9a elementor-widget elementor-widget-text-editor\" data-id=\"fe43a9a\" data-element_type=\"widget\" data-e-type=\"widget\" data-widget_type=\"text-editor.default\">\n\t\t\t\t<div class=\"elementor-widget-container\">\n\t\t\t\t\t\t\t\t\t<p><b><span data-contrast=\"none\">Info om Medryttare:<\/span><\/b><span data-ccp-props=\"{&quot;134233117&quot;:false,&quot;134233118&quot;:false,&quot;335551550&quot;:0,&quot;335551620&quot;:0,&quot;335557856&quot;:15856118,&quot;335559738&quot;:0,&quot;335559739&quot;:150}\">\u00a0<\/span><\/p><p>\u00a0<\/p><p><span data-contrast=\"none\">F\u00f6r att kunna nyttja medryttarpaketen s\u00e5 beh\u00f6ver du som ryttare ha uppn\u00e5tt en viss mognadhetsgrad i h\u00e4sthantering samt riderfarenhet. Du beh\u00f6ver kunna rida (i alla g\u00e5ngarter) och hantera din h\u00e4st sj\u00e4lvst\u00e4ndigt. Personer under 18 \u00e5r till\u00e5ts endast att vara medryttare, tillsammans med m\u00e5lsman\u00a0varp\u00e5 m\u00e5lsman \u00e4ger hela ansvaret f\u00f6r den minder\u00e5rige.<\/span><span data-ccp-props=\"{&quot;134233117&quot;:false,&quot;134233118&quot;:false,&quot;335551550&quot;:0,&quot;335551620&quot;:0,&quot;335557856&quot;:15856118,&quot;335559738&quot;:0,&quot;335559739&quot;:150}\">\u00a0<\/span><\/p><p>\u00a0<\/p><p><b><span data-contrast=\"none\">Du k\u00f6per ditt medryttarpaket m\u00e5nadsvis och binder enbart upp dig per m\u00e5nad utifr\u00e5n ditt k\u00f6p.<\/span><\/b><\/p><p><b><span data-contrast=\"none\">\u00a0<\/span><\/b><span data-ccp-props=\"{&quot;134233117&quot;:false,&quot;134233118&quot;:false,&quot;335551550&quot;:0,&quot;335551620&quot;:0,&quot;335557856&quot;:15856118,&quot;335559738&quot;:0,&quot;335559739&quot;:150}\">\u00a0<\/span><\/p><p><span data-contrast=\"none\">Medryttaren erl\u00e4gger en m\u00e5nadsavgift om 1500 kr i m\u00e5naden<\/span><span data-contrast=\"none\">.\u00a0\u00a0<\/span><span data-ccp-props=\"{&quot;134233117&quot;:false,&quot;134233118&quot;:false,&quot;335551550&quot;:0,&quot;335551620&quot;:0,&quot;335557856&quot;:15856118,&quot;335559738&quot;:0,&quot;335559739&quot;:150}\">\u00a0<\/span><\/p><p>\u00a0<\/p><p><span data-contrast=\"auto\">Tre fasta dagar efter \u00f6verenskommelse. (ej l\u00f6rdagar i November)<\/span><span data-ccp-props=\"{&quot;134233117&quot;:false,&quot;134233118&quot;:false,&quot;335551550&quot;:0,&quot;335551620&quot;:0,&quot;335557856&quot;:15856118,&quot;335559738&quot;:0,&quot;335559739&quot;:150}\">\u00a0<\/span><\/p><p>\u00a0<\/p><p><span data-contrast=\"none\">Ridningarna g\u00e5r att v\u00e4lja alla dagar i veckan under perioden November till April, tider mellan 9.00-19.00 .\u00a0<\/span><b><span data-contrast=\"none\">(November ej l\u00f6rdagar)<\/span><\/b><span data-ccp-props=\"{&quot;134233117&quot;:false,&quot;134233118&quot;:false,&quot;335551550&quot;:0,&quot;335551620&quot;:0,&quot;335557856&quot;:15856118,&quot;335559738&quot;:0,&quot;335559739&quot;:150}\">\u00a0<\/span><\/p><p>\u00a0<\/p><p><span data-contrast=\"auto\">Det kr\u00e4vs alltid att man rider ut minst tv\u00e5 personer tillsammans.<\/span><span data-ccp-props=\"{&quot;134233117&quot;:false,&quot;134233118&quot;:false,&quot;335551550&quot;:0,&quot;335551620&quot;:0,&quot;335557856&quot;:15856118,&quot;335559738&quot;:0,&quot;335559739&quot;:150}\">\u00a0<\/span><\/p><p>\u00a0<\/p><p><span data-contrast=\"none\">Som medryttare matchas du med en passande h\u00e4st av Kyrkekvarns ridpersonal.<\/span><span data-ccp-props=\"{&quot;134233117&quot;:false,&quot;134233118&quot;:false,&quot;335551550&quot;:0,&quot;335551620&quot;:0,&quot;335557856&quot;:15856118,&quot;335559738&quot;:0,&quot;335559739&quot;:150}\">\u00a0<\/span><\/p><p>\u00a0<\/p><p><span data-contrast=\"none\">Vi startar alltid med en guide tur d\u00e4r vi s\u00e4krar dina ridkunskaper och g\u00f6r dig bekant med\u00a0 omgivningen och dess ridv\u00e4gar.<\/span><span data-ccp-props=\"{&quot;134233117&quot;:false,&quot;134233118&quot;:false,&quot;335551550&quot;:0,&quot;335551620&quot;:0,&quot;335557856&quot;:15856118,&quot;335559738&quot;:0,&quot;335559739&quot;:150}\">\u00a0<\/span><\/p><p>\u00a0<\/p><p>Som med ryttare har du 50% rabatt i v\u00e5rt fina ridhus.<\/p><p>\u00a0<\/p><p><a href=\"https:\/\/kyrkekvarn.com\/wp-content\/uploads\/Medryttare.pdf\">INFORMATION- och ANM\u00c4LNINGSBLANKETT<\/a><\/p>\t\t\t\t\t\t\t\t<\/div>\n\t\t\t\t<\/div>\n\t\t\t\t\t<\/div>\n\t\t\t\t<\/div>\n\t\t<div class=\"elementor-element elementor-element-844ae94 e-flex e-con-boxed e-con e-parent\" data-id=\"844ae94\" data-element_type=\"container\" data-e-type=\"container\">\n\t\t\t\t\t<div class=\"e-con-inner\">\n\t\t\t\t<div class=\"elementor-element elementor-element-22d7b82 elementor-widget elementor-widget-spacer\" data-id=\"22d7b82\" data-element_type=\"widget\" data-e-type=\"widget\" data-widget_type=\"spacer.default\">\n\t\t\t\t<div class=\"elementor-widget-container\">\n\t\t\t\t\t\t\t<div class=\"elementor-spacer\">\n\t\t\t<div class=\"elementor-spacer-inner\"><\/div>\n\t\t<\/div>\n\t\t\t\t\t\t<\/div>\n\t\t\t\t<\/div>\n\t\t\t\t\t<\/div>\n\t\t\t\t<\/div>\n\t\t<div class=\"elementor-element elementor-element-fa92479 e-flex e-con-boxed e-con e-parent\" data-id=\"fa92479\" data-element_type=\"container\" data-e-type=\"container\" data-settings=\"{&quot;background_background&quot;:&quot;classic&quot;}\">\n\t\t\t\t\t<div class=\"e-con-inner\">\n\t\t<div class=\"elementor-element elementor-element-2bf42b8 e-flex e-con-boxed e-con e-child\" data-id=\"2bf42b8\" data-element_type=\"container\" data-e-type=\"container\">\n\t\t\t\t\t<div class=\"e-con-inner\">\n\t\t\t\t<div class=\"elementor-element elementor-element-5dff885 elementor-widget__width-initial elementor-widget elementor-widget-hfe-infocard\" data-id=\"5dff885\" data-element_type=\"widget\" data-e-type=\"widget\" data-widget_type=\"hfe-infocard.default\">\n\t\t\t\t<div class=\"elementor-widget-container\">\n\t\t\t\t\t\n\t\t<div class=\"hfe-infocard\">\n\t\t\t\t\t\t\t\t\t<div class=\"hfe-infocard-title-wrap\">\n\t\t\t\t<h1 class=\"hfe-infocard-title elementor-inline-editing\" data-elementor-setting-key=\"infocard_title\" data-elementor-inline-editing-toolbar=\"basic\" >Vanliga fr\u00e5gor<\/h1>\t\t\t<\/div>\n\t\t\t\t\t\t<div class=\"hfe-infocard-text-wrap\">\n\t\t\t\t<div class=\"hfe-infocard-text elementor-inline-editing\" data-elementor-setting-key=\"infocard_description\" data-elementor-inline-editing-toolbar=\"advanced\">\n\t\t\t\t\tHar du n\u00e5gra fr\u00e5gor? Vi \u00e4r alltid \u00f6ppna f\u00f6r att prata om ditt f\u00f6retag, nya projekt, kreativa m\u00f6jligheter och hur vi kan hj\u00e4lpa dig.\t\t\t\t<\/div>\n\t\t\t\t\t\t\t<\/div>\n\t\t<\/div>\n\n\t\t\t\t\t\t<\/div>\n\t\t\t\t<\/div>\n\t\t\t\t<div class=\"elementor-element elementor-element-a688c6e elementor-align-center elementor-widget elementor-widget-button\" data-id=\"a688c6e\" data-element_type=\"widget\" data-e-type=\"widget\" data-widget_type=\"button.default\">\n\t\t\t\t<div class=\"elementor-widget-container\">\n\t\t\t\t\t\t\t\t\t<div class=\"elementor-button-wrapper\">\n\t\t\t\t\t<a class=\"elementor-button elementor-button-link elementor-size-sm\" href=\"https:\/\/kyrkekvarn.com\/english\/faq-islandshastarturridning\/\">\n\t\t\t\t\t\t<span class=\"elementor-button-content-wrapper\">\n\t\t\t\t\t\t\t\t\t<span class=\"elementor-button-text\">FAQ<\/span>\n\t\t\t\t\t<\/span>\n\t\t\t\t\t<\/a>\n\t\t\t\t<\/div>\n\t\t\t\t\t\t\t\t<\/div>\n\t\t\t\t<\/div>\n\t\t\t\t\t<\/div>\n\t\t\t\t<\/div>\n\t\t\t\t\t<\/div>\n\t\t\t\t<\/div>\n\t\t\t\t<\/div>\n\t\t","protected":false},"excerpt":{"rendered":"<p>MEDRYTTARE BOKA ONLINE Dr\u00f6mmer du om en egen h\u00e4st! D\u00e5 kan du ta chansen att bli medryttare till n\u00e5gon av v\u00e5ra underbara Islandsh\u00e4star. Info om Medryttare:\u00a0 \u00a0 F\u00f6r att kunna nyttja medryttarpaketen s\u00e5 beh\u00f6ver du som ryttare ha uppn\u00e5tt en viss mognadhetsgrad i h\u00e4sthantering samt riderfarenhet. Du beh\u00f6ver kunna rida (i alla g\u00e5ngarter) och hantera [&hellip;]<\/p>\n","protected":false},"author":2,"featured_media":0,"parent":0,"menu_order":0,"comment_status":"closed","ping_status":"closed","template":"","meta":{"_monsterinsights_skip_tracking":false,"_monsterinsights_sitenote_active":false,"_monsterinsights_sitenote_note":"","_monsterinsights_sitenote_category":0,"site-sidebar-layout":"no-sidebar","site-content-layout":"page-builder","ast-site-content-layout":"full-width-container","site-content-style":"unboxed","site-sidebar-style":"unboxed","ast-global-header-display":"","ast-banner-title-visibility":"","ast-main-header-display":"","ast-hfb-above-header-display":"","ast-hfb-below-header-display":"","ast-hfb-mobile-header-display":"","site-post-title":"disabled","ast-breadcrumbs-content":"","ast-featured-img":"disabled","footer-sml-layout":"","ast-disable-related-posts":"","theme-transparent-header-meta":"enabled","adv-header-id-meta":"","stick-header-meta":"","header-above-stick-meta":"","header-main-stick-meta":"","header-below-stick-meta":"","astra-migrate-meta-layouts":"set","ast-page-background-enabled":"default","ast-page-background-meta":{"desktop":{"background-color":"var(--ast-global-color-4)","background-image":"","background-repeat":"repeat","background-position":"center center","background-size":"auto","background-attachment":"scroll","background-type":"","background-media":"","overlay-type":"","overlay-color":"","overlay-opacity":"","overlay-gradient":""},"tablet":{"background-color":"","background-image":"","background-repeat":"repeat","background-position":"center center","background-size":"auto","background-attachment":"scroll","background-type":"","background-media":"","overlay-type":"","overlay-color":"","overlay-opacity":"","overlay-gradient":""},"mobile":{"background-color":"","background-image":"","background-repeat":"repeat","background-position":"center center","background-size":"auto","background-attachment":"scroll","background-type":"","background-media":"","overlay-type":"","overlay-color":"","overlay-opacity":"","overlay-gradient":""}},"ast-content-background-meta":{"desktop":{"background-color":"var(--ast-global-color-5)","background-image":"","background-repeat":"repeat","background-position":"center center","background-size":"auto","background-attachment":"scroll","background-type":"","background-media":"","overlay-type":"","overlay-color":"","overlay-opacity":"","overlay-gradient":""},"tablet":{"background-color":"var(--ast-global-color-5)","background-image":"","background-repeat":"repeat","background-position":"center center","background-size":"auto","background-attachment":"scroll","background-type":"","background-media":"","overlay-type":"","overlay-color":"","overlay-opacity":"","overlay-gradient":""},"mobile":{"background-color":"var(--ast-global-color-5)","background-image":"","background-repeat":"repeat","background-position":"center center","background-size":"auto","background-attachment":"scroll","background-type":"","background-media":"","overlay-type":"","overlay-color":"","overlay-opacity":"","overlay-gradient":""}},"footnotes":""},"class_list":["post-8676","page","type-page","status-publish","hentry"],"_links":{"self":[{"href":"https:\/\/kyrkekvarn.com\/english\/wp-json\/wp\/v2\/pages\/8676","targetHints":{"allow":["GET"]}}],"collection":[{"href":"https:\/\/kyrkekvarn.com\/english\/wp-json\/wp\/v2\/pages"}],"about":[{"href":"https:\/\/kyrkekvarn.com\/english\/wp-json\/wp\/v2\/types\/page"}],"author":[{"embeddable":true,"href":"https:\/\/kyrkekvarn.com\/english\/wp-json\/wp\/v2\/users\/2"}],"replies":[{"embeddable":true,"href":"https:\/\/kyrkekvarn.com\/english\/wp-json\/wp\/v2\/comments?post=8676"}],"version-history":[{"count":17,"href":"https:\/\/kyrkekvarn.com\/english\/wp-json\/wp\/v2\/pages\/8676\/revisions"}],"predecessor-version":[{"id":8697,"href":"https:\/\/kyrkekvarn.com\/english\/wp-json\/wp\/v2\/pages\/8676\/revisions\/8697"}],"wp:attachment":[{"href":"https:\/\/kyrkekvarn.com\/english\/wp-json\/wp\/v2\/media?parent=8676"}],"curies":[{"name":"wp","href":"https:\/\/api.w.org\/{rel}","templated":true}]}}