{"id":9449,"date":"2026-04-25T12:14:23","date_gmt":"2026-04-25T10:14:23","guid":{"rendered":"https:\/\/kyrkekvarn.com\/english\/?page_id=9449"},"modified":"2026-04-25T12:20:52","modified_gmt":"2026-04-25T10:20:52","slug":"mat","status":"publish","type":"page","link":"https:\/\/kyrkekvarn.com\/english\/mat\/","title":{"rendered":"Mat"},"content":{"rendered":"\t\t<div data-elementor-type=\"wp-page\" data-elementor-id=\"9449\" class=\"elementor elementor-9449\">\n\t\t\t\t<div class=\"elementor-element elementor-element-d0f4e3c e-flex e-con-boxed e-con e-parent\" data-id=\"d0f4e3c\" data-element_type=\"container\" data-e-type=\"container\" data-settings=\"{&quot;background_background&quot;:&quot;classic&quot;}\">\n\t\t\t\t\t<div class=\"e-con-inner\">\n\t\t<div class=\"elementor-element elementor-element-383f718 e-con-full e-flex e-con e-child\" data-id=\"383f718\" data-element_type=\"container\" data-e-type=\"container\">\n\t\t\t\t<div class=\"elementor-element elementor-element-057fbe0 elementor-widget-mobile__width-auto elementor-widget elementor-widget-heading\" data-id=\"057fbe0\" data-element_type=\"widget\" data-e-type=\"widget\" data-widget_type=\"heading.default\">\n\t\t\t\t<div class=\"elementor-widget-container\">\n\t\t\t\t\t<h1 class=\"elementor-heading-title elementor-size-default\">MAT<\/h1>\t\t\t\t<\/div>\n\t\t\t\t<\/div>\n\t\t\t\t<div class=\"elementor-element elementor-element-7246a47 elementor-align-center elementor-widget elementor-widget-button\" data-id=\"7246a47\" data-element_type=\"widget\" data-e-type=\"widget\" data-widget_type=\"button.default\">\n\t\t\t\t<div class=\"elementor-widget-container\">\n\t\t\t\t\t\t\t\t\t<div class=\"elementor-button-wrapper\">\n\t\t\t\t\t<a class=\"elementor-button elementor-button-link elementor-size-sm\" href=\"https:\/\/dividoit.se\/kyrkekvarn\/bokning\/\">\n\t\t\t\t\t\t<span class=\"elementor-button-content-wrapper\">\n\t\t\t\t\t\t\t\t\t<span class=\"elementor-button-text\">BOKA ONLINE<\/span>\n\t\t\t\t\t<\/span>\n\t\t\t\t\t<\/a>\n\t\t\t\t<\/div>\n\t\t\t\t\t\t\t\t<\/div>\n\t\t\t\t<\/div>\n\t\t\t\t<\/div>\n\t\t\t\t\t<\/div>\n\t\t\t\t<\/div>\n\t\t<div class=\"elementor-element elementor-element-3ec3916 e-flex e-con-boxed e-con e-parent\" data-id=\"3ec3916\" data-element_type=\"container\" data-e-type=\"container\">\n\t\t\t\t\t<div class=\"e-con-inner\">\n\t\t\t\t<div class=\"elementor-element elementor-element-a892903 elementor-widget elementor-widget-spacer\" data-id=\"a892903\" data-element_type=\"widget\" data-e-type=\"widget\" data-widget_type=\"spacer.default\">\n\t\t\t\t<div class=\"elementor-widget-container\">\n\t\t\t\t\t\t\t<div class=\"elementor-spacer\">\n\t\t\t<div class=\"elementor-spacer-inner\"><\/div>\n\t\t<\/div>\n\t\t\t\t\t\t<\/div>\n\t\t\t\t<\/div>\n\t\t\t\t\t<\/div>\n\t\t\t\t<\/div>\n\t\t<div class=\"elementor-element elementor-element-2b3aafa e-flex e-con-boxed e-con e-parent\" data-id=\"2b3aafa\" data-element_type=\"container\" data-e-type=\"container\">\n\t\t\t\t\t<div class=\"e-con-inner\">\n\t\t\t\t<div class=\"elementor-element elementor-element-903cb7e elementor-widget elementor-widget-heading\" data-id=\"903cb7e\" data-element_type=\"widget\" data-e-type=\"widget\" data-widget_type=\"heading.default\">\n\t\t\t\t<div class=\"elementor-widget-container\">\n\t\t\t\t\t<h2 class=\"elementor-heading-title elementor-size-default\">Mat<\/h2>\t\t\t\t<\/div>\n\t\t\t\t<\/div>\n\t\t\t\t\t<\/div>\n\t\t\t\t<\/div>\n\t\t<div class=\"elementor-element elementor-element-d438df0 e-flex e-con-boxed e-con e-parent\" data-id=\"d438df0\" data-element_type=\"container\" data-e-type=\"container\">\n\t\t\t\t\t<div class=\"e-con-inner\">\n\t\t\t\t<div class=\"elementor-element elementor-element-f296164 elementor-widget elementor-widget-text-editor\" data-id=\"f296164\" data-element_type=\"widget\" data-e-type=\"widget\" data-widget_type=\"text-editor.default\">\n\t\t\t\t<div class=\"elementor-widget-container\">\n\t\t\t\t\t\t\t\t\t<p>Vi levererar mat\u00a0i samband med aktiviteter, boende\u00a0och konferensen. Maten\u00a0dukas fram och arrangeras p\u00e5 plats efter \u00f6verenskommelse, antingen direkt vid boendet, ute i skogen eller\u00a0i\u00a0konferenslokalen. Best\u00e4ll g\u00e4rna n\u00e5got av v\u00e5ra grillpaket och avnjut m\u00e5ltiden vid \u00e5kanten i skenet fr\u00e5n marschaller och en sprakande brasa.<\/p><p>\u00a0<\/p><p><strong>Vid matbokningar g\u00e4ller minst 10 personer.<\/strong><\/p><p>\u00a0<\/p><h2>Grillpaket<\/h2><p>Storgrillar, grillkol, fasta bord och b\u00e4nkar under naturtak vid \u00e5n eller om du har hyrt ett boende s\u00e5 st\u00e4ller vi in maten i kylen. I buff\u00e9n ing\u00e5r hemlagad potatissallad, gr\u00f6nsallad, olika tillbeh\u00f6r s\u00e5 som oliver, fetaost, s\u00e5ser m.m., kuvertbr\u00f6d, dryck, kaffe och kaka. Grillning sker p\u00e5 egen hand, f\u00f6r grupper \u00f6ver 20 personer kan Grillm\u00e4stare bokas 1500kr<\/p><p>\u00a0<\/p><p>Medtag g\u00e4rna eget vin och \u00f6l.<\/p><p>\u00a0<\/p><p>Priser per person.<\/p><p>\u00a0<\/p><p>A) <strong>Vegetarisk grillbuff\u00e9<\/strong> Gr\u00f6nsaker, quornfil\u00e9, veg korv, majskolv, m.m. 345:-<br \/>B) <strong>Lilla Agda<\/strong> 2st marinerade kycklingfil\u00e9er och gr\u00f6nsaker. 345:-<br \/>C) <strong>Kyrkekvarn orgina<\/strong>l Grillbuff\u00e9. Korv, fl\u00e4skk\u00f6tt, kycklingfil\u00e9 och gr\u00f6nsaker. 345:-<br \/>D) <strong>Fiskarens grill<\/strong> 2st laxfil\u00e9 och gr\u00f6nsaker. 395:-<br \/>E ) <strong>Grosse Grillen<\/strong> Tysk korv, benfri fl\u00e4skkotlett, kycklingfil\u00e9, laxfil\u00e9 och gr\u00f6nsaker. 395:-<\/p><p>\u00a0<\/p><h3>\u00a0<\/h3><h3>Frukost<\/h3><p>Kontinental frukostbuff\u00e9 i samband med boendet. 129:-<\/p><p>\u00a0<\/p><h3>F\u00e4ltfrukost<\/h3><p>Kontinental frukostbuff\u00e9 packad f\u00f6r aktivitet eller utk\u00f6rd efter avtal.<br \/>Bokas f\u00f6r minst 10 personer. 125:-<\/p><p>\u00a0<\/p><h3>F\u00e4ltlunch<\/h3><p>Packad f\u00f6r aktivitet alternativt utk\u00f6rd efter avtal. T.ex. pastasallad<br \/>eller kallskuret. Inklusive gr\u00f6nsallad, kuvertbr\u00f6d, dryck, kaffe och kaka.<br \/>Bokas f\u00f6r minst 10 personer. 160:-<\/p><p>\u00a0<\/p><h3>Lunch<\/h3><p>Lunch i samband med boende eller aktivitet. Svensk husmanskost inklusive gr\u00f6nsallad,<br \/>br\u00f6d, dryck, kaffe och kaka. Ej bordsservering. Bokas f\u00f6r minst 10 personer 135:-<\/p><p>\u00a0<\/p><h3>Middag<\/h3><p>Till middag under vistelsen p\u00e5 Kyrkekvarn rekommenderar vi n\u00e5got<br \/>av v\u00e5ra grillpaket. Se \u201dGrillpaket\u201d h\u00f6gst upp p\u00e5 denna sida.<\/p><p>\u00a0<\/p><h3>Exotisk planka<\/h3><p>Exotiska frukter, grillad kyckling, olika sorters kallskuret k\u00f6tt och ost. Potatissallad, kuvertbr\u00f6d, dryck, kaffe, kaka. Bokas f\u00f6r minst 10 personer. 345:-<\/p><p>\u00a0<\/p><h3>Favorit planka<\/h3><p>Potatisgrat\u00e4ng, Mangoglaserad kycklingfil\u00e9, pastrami av svensk g\u00e5rdsgris kryddad med citron och timjan, Minipaj med fetaost och soltorkad tomat, Melonslice,<br \/>Brieost &amp; vindruvor, Vispat brynt sm\u00f6r, Surdegsbr\u00f6d &amp; rosenbr\u00f6d, Mineralvatten, Kaffe och kaka. Bokas f\u00f6r minst 10 personer. 365:-<\/p><p>\u00a0<\/p><h3>Kaffekorg<\/h3><p>Packad f\u00f6r aktivitet alternativt utk\u00f6rd efter avtal. 125:-<br \/>Ostsm\u00f6rg\u00e5s, bulle, kaka och kaffe\/te\/saft.<\/p>\t\t\t\t\t\t\t\t<\/div>\n\t\t\t\t<\/div>\n\t\t\t\t\t<\/div>\n\t\t\t\t<\/div>\n\t\t<div class=\"elementor-element elementor-element-03516e9 e-flex e-con-boxed e-con e-parent\" data-id=\"03516e9\" data-element_type=\"container\" data-e-type=\"container\">\n\t\t\t\t\t<div class=\"e-con-inner\">\n\t\t\t\t<div class=\"elementor-element elementor-element-61851e8 elementor-widget elementor-widget-spacer\" data-id=\"61851e8\" data-element_type=\"widget\" data-e-type=\"widget\" data-widget_type=\"spacer.default\">\n\t\t\t\t<div class=\"elementor-widget-container\">\n\t\t\t\t\t\t\t<div class=\"elementor-spacer\">\n\t\t\t<div class=\"elementor-spacer-inner\"><\/div>\n\t\t<\/div>\n\t\t\t\t\t\t<\/div>\n\t\t\t\t<\/div>\n\t\t\t\t\t<\/div>\n\t\t\t\t<\/div>\n\t\t<div class=\"elementor-element elementor-element-da5e4be e-flex e-con-boxed e-con e-parent\" data-id=\"da5e4be\" data-element_type=\"container\" data-e-type=\"container\">\n\t\t\t\t\t<div class=\"e-con-inner\">\n\t\t\t\t<div class=\"elementor-element elementor-element-e5d9d9c elementor-widget elementor-widget-image-carousel\" data-id=\"e5d9d9c\" data-element_type=\"widget\" data-e-type=\"widget\" data-settings=\"{&quot;slides_to_show&quot;:&quot;1&quot;,&quot;navigation&quot;:&quot;none&quot;,&quot;autoplay&quot;:&quot;yes&quot;,&quot;pause_on_hover&quot;:&quot;yes&quot;,&quot;pause_on_interaction&quot;:&quot;yes&quot;,&quot;autoplay_speed&quot;:5000,&quot;infinite&quot;:&quot;yes&quot;,&quot;effect&quot;:&quot;slide&quot;,&quot;speed&quot;:500}\" data-widget_type=\"image-carousel.default\">\n\t\t\t\t<div class=\"elementor-widget-container\">\n\t\t\t\t\t\t\t<div class=\"elementor-image-carousel-wrapper swiper\" role=\"region\" aria-roledescription=\"carousel\" aria-label=\"Image Carousel\" dir=\"ltr\">\n\t\t\t<div class=\"elementor-image-carousel swiper-wrapper\" aria-live=\"off\">\n\t\t\t\t\t\t\t\t<div class=\"swiper-slide\" role=\"group\" aria-roledescription=\"slide\" aria-label=\"1 av 7\"><figure class=\"swiper-slide-inner\"><img decoding=\"async\" class=\"swiper-slide-image\" src=\"https:\/\/kyrkekvarn.com\/english\/wp-content\/uploads\/2025\/03\/grill-413x550-2.jpg\" alt=\"grill-413x550\" title=\"Mat\"><\/figure><\/div><div class=\"swiper-slide\" role=\"group\" aria-roledescription=\"slide\" aria-label=\"2 av 7\"><figure class=\"swiper-slide-inner\"><img decoding=\"async\" class=\"swiper-slide-image\" src=\"https:\/\/kyrkekvarn.com\/english\/wp-content\/uploads\/2025\/03\/exotiskplanka-413x550-2.jpg\" alt=\"exotiskplanka-413x550\" title=\"Mat\"><\/figure><\/div><div class=\"swiper-slide\" role=\"group\" aria-roledescription=\"slide\" aria-label=\"3 av 7\"><figure class=\"swiper-slide-inner\"><img decoding=\"async\" class=\"swiper-slide-image\" src=\"https:\/\/kyrkekvarn.com\/english\/wp-content\/uploads\/2025\/03\/IMG_0986-scaled-e1639141501910-550x341-2.jpg\" alt=\"IMG_0986-scaled-e1639141501910-550x341\" title=\"Mat\"><\/figure><\/div><div class=\"swiper-slide\" role=\"group\" aria-roledescription=\"slide\" aria-label=\"4 av 7\"><figure class=\"swiper-slide-inner\"><img decoding=\"async\" class=\"swiper-slide-image\" src=\"https:\/\/kyrkekvarn.com\/english\/wp-content\/uploads\/2025\/03\/fire-550x550-2.jpg\" alt=\"fire-550x550\" title=\"Mat\"><\/figure><\/div><div class=\"swiper-slide\" role=\"group\" aria-roledescription=\"slide\" aria-label=\"5 av 7\"><figure class=\"swiper-slide-inner\"><img decoding=\"async\" class=\"swiper-slide-image\" src=\"https:\/\/kyrkekvarn.com\/english\/wp-content\/uploads\/2025\/03\/vaffla-1.jpg\" alt=\"v\u00e5ffla\" title=\"Mat\"><\/figure><\/div><div class=\"swiper-slide\" role=\"group\" aria-roledescription=\"slide\" aria-label=\"6 av 7\"><figure class=\"swiper-slide-inner\"><img decoding=\"async\" class=\"swiper-slide-image\" src=\"https:\/\/kyrkekvarn.com\/english\/wp-content\/uploads\/2025\/03\/kottbullemacka-1.jpg\" alt=\"k\u00f6ttbullemacka\" title=\"Mat\"><\/figure><\/div><div class=\"swiper-slide\" role=\"group\" aria-roledescription=\"slide\" aria-label=\"7 av 7\"><figure class=\"swiper-slide-inner\"><img decoding=\"async\" class=\"swiper-slide-image\" src=\"https:\/\/kyrkekvarn.com\/english\/wp-content\/uploads\/2025\/03\/Brie-o-salami-1.jpg\" alt=\"Brie o salami\" title=\"Mat\"><\/figure><\/div>\t\t\t<\/div>\n\t\t\t\t\t\t\t\n\t\t\t\t\t\t\t\t\t<\/div>\n\t\t\t\t\t\t<\/div>\n\t\t\t\t<\/div>\n\t\t\t\t\t<\/div>\n\t\t\t\t<\/div>\n\t\t\t\t<\/div>\n\t\t","protected":false},"excerpt":{"rendered":"<p>MAT BOKA ONLINE Mat Vi levererar mat\u00a0i samband med aktiviteter, boende\u00a0och konferensen. Maten\u00a0dukas fram och arrangeras p\u00e5 plats efter \u00f6verenskommelse, antingen direkt vid boendet, ute i skogen eller\u00a0i\u00a0konferenslokalen. Best\u00e4ll g\u00e4rna n\u00e5got av v\u00e5ra grillpaket och avnjut m\u00e5ltiden vid \u00e5kanten i skenet fr\u00e5n marschaller och en sprakande brasa. \u00a0 Vid matbokningar g\u00e4ller minst 10 personer. \u00a0 [&hellip;]<\/p>\n","protected":false},"author":2,"featured_media":0,"parent":0,"menu_order":0,"comment_status":"closed","ping_status":"closed","template":"","meta":{"_monsterinsights_skip_tracking":false,"_monsterinsights_sitenote_active":false,"_monsterinsights_sitenote_note":"","_monsterinsights_sitenote_category":0,"site-sidebar-layout":"no-sidebar","site-content-layout":"page-builder","ast-site-content-layout":"full-width-container","site-content-style":"unboxed","site-sidebar-style":"unboxed","ast-global-header-display":"","ast-banner-title-visibility":"","ast-main-header-display":"","ast-hfb-above-header-display":"","ast-hfb-below-header-display":"","ast-hfb-mobile-header-display":"","site-post-title":"disabled","ast-breadcrumbs-content":"","ast-featured-img":"disabled","footer-sml-layout":"","ast-disable-related-posts":"","theme-transparent-header-meta":"enabled","adv-header-id-meta":"","stick-header-meta":"","header-above-stick-meta":"","header-main-stick-meta":"","header-below-stick-meta":"","astra-migrate-meta-layouts":"set","ast-page-background-enabled":"default","ast-page-background-meta":{"desktop":{"background-color":"var(--ast-global-color-4)","background-image":"","background-repeat":"repeat","background-position":"center center","background-size":"auto","background-attachment":"scroll","background-type":"","background-media":"","overlay-type":"","overlay-color":"","overlay-opacity":"","overlay-gradient":""},"tablet":{"background-color":"","background-image":"","background-repeat":"repeat","background-position":"center center","background-size":"auto","background-attachment":"scroll","background-type":"","background-media":"","overlay-type":"","overlay-color":"","overlay-opacity":"","overlay-gradient":""},"mobile":{"background-color":"","background-image":"","background-repeat":"repeat","background-position":"center center","background-size":"auto","background-attachment":"scroll","background-type":"","background-media":"","overlay-type":"","overlay-color":"","overlay-opacity":"","overlay-gradient":""}},"ast-content-background-meta":{"desktop":{"background-color":"var(--ast-global-color-5)","background-image":"","background-repeat":"repeat","background-position":"center center","background-size":"auto","background-attachment":"scroll","background-type":"","background-media":"","overlay-type":"","overlay-color":"","overlay-opacity":"","overlay-gradient":""},"tablet":{"background-color":"var(--ast-global-color-5)","background-image":"","background-repeat":"repeat","background-position":"center center","background-size":"auto","background-attachment":"scroll","background-type":"","background-media":"","overlay-type":"","overlay-color":"","overlay-opacity":"","overlay-gradient":""},"mobile":{"background-color":"var(--ast-global-color-5)","background-image":"","background-repeat":"repeat","background-position":"center center","background-size":"auto","background-attachment":"scroll","background-type":"","background-media":"","overlay-type":"","overlay-color":"","overlay-opacity":"","overlay-gradient":""}},"footnotes":""},"class_list":["post-9449","page","type-page","status-publish","hentry"],"_links":{"self":[{"href":"https:\/\/kyrkekvarn.com\/english\/wp-json\/wp\/v2\/pages\/9449","targetHints":{"allow":["GET"]}}],"collection":[{"href":"https:\/\/kyrkekvarn.com\/english\/wp-json\/wp\/v2\/pages"}],"about":[{"href":"https:\/\/kyrkekvarn.com\/english\/wp-json\/wp\/v2\/types\/page"}],"author":[{"embeddable":true,"href":"https:\/\/kyrkekvarn.com\/english\/wp-json\/wp\/v2\/users\/2"}],"replies":[{"embeddable":true,"href":"https:\/\/kyrkekvarn.com\/english\/wp-json\/wp\/v2\/comments?post=9449"}],"version-history":[{"count":8,"href":"https:\/\/kyrkekvarn.com\/english\/wp-json\/wp\/v2\/pages\/9449\/revisions"}],"predecessor-version":[{"id":9461,"href":"https:\/\/kyrkekvarn.com\/english\/wp-json\/wp\/v2\/pages\/9449\/revisions\/9461"}],"wp:attachment":[{"href":"https:\/\/kyrkekvarn.com\/english\/wp-json\/wp\/v2\/media?parent=9449"}],"curies":[{"name":"wp","href":"https:\/\/api.w.org\/{rel}","templated":true}]}}